{"id":12128,"date":"2026-02-09T19:33:18","date_gmt":"2026-02-09T19:33:18","guid":{"rendered":"https:\/\/letempsjadisauction.com\/?post_type=product&#038;p=12128"},"modified":"2026-02-20T06:54:10","modified_gmt":"2026-02-20T06:54:10","slug":"41-charles-de-naeyer-scene-dans-un-bois-aquarelle","status":"publish","type":"product","link":"https:\/\/letempsjadisauction.com\/nl\/veiling\/41-charles-de-naeyer-scene-dans-un-bois-aquarelle\/","title":{"rendered":"41. Charles De Naeyer, sc\u00e8ne dans un bois, aquarelle"},"content":{"rendered":"<p>Charles De Naeyer, sc\u00e8ne dans un bois, aquarelle, sign\u00e9 en bas \u00e0 droite, dimensions\u00a0: <\/p>","protected":false},"excerpt":{"rendered":"<p>Charles De Naeyer, sc\u00e8ne dans un bois, aquarelle<\/p>","protected":false},"featured_media":12031,"template":"","meta":{"_acf_changed":false,"inline_featured_image":false},"online_sale":[69],"product_brand":[],"product_cat":[18],"product_tag":[],"class_list":{"0":"post-12128","1":"product","2":"type-product","3":"status-publish","4":"has-post-thumbnail","6":"online_sale-fevrier-2026","7":"product_cat-non-classe","9":"first","10":"instock","11":"shipping-taxable","12":"purchasable","13":"product-type-auction"},"acf":[],"_links":{"self":[{"href":"https:\/\/letempsjadisauction.com\/nl\/wp-json\/wp\/v2\/product\/12128","targetHints":{"allow":["GET"]}}],"collection":[{"href":"https:\/\/letempsjadisauction.com\/nl\/wp-json\/wp\/v2\/product"}],"about":[{"href":"https:\/\/letempsjadisauction.com\/nl\/wp-json\/wp\/v2\/types\/product"}],"wp:featuredmedia":[{"embeddable":true,"href":"https:\/\/letempsjadisauction.com\/nl\/wp-json\/wp\/v2\/media\/12031"}],"wp:attachment":[{"href":"https:\/\/letempsjadisauction.com\/nl\/wp-json\/wp\/v2\/media?parent=12128"}],"wp:term":[{"taxonomy":"online_sale","embeddable":true,"href":"https:\/\/letempsjadisauction.com\/nl\/wp-json\/wp\/v2\/online_sale?post=12128"},{"taxonomy":"product_brand","embeddable":true,"href":"https:\/\/letempsjadisauction.com\/nl\/wp-json\/wp\/v2\/product_brand?post=12128"},{"taxonomy":"product_cat","embeddable":true,"href":"https:\/\/letempsjadisauction.com\/nl\/wp-json\/wp\/v2\/product_cat?post=12128"},{"taxonomy":"product_tag","embeddable":true,"href":"https:\/\/letempsjadisauction.com\/nl\/wp-json\/wp\/v2\/product_tag?post=12128"}],"curies":[{"name":"wp","href":"https:\/\/api.w.org\/{rel}","templated":true}]}}