{"id":12151,"date":"2026-02-10T13:36:43","date_gmt":"2026-02-10T13:36:43","guid":{"rendered":"https:\/\/letempsjadisauction.com\/?post_type=product&#038;p=12151"},"modified":"2026-02-22T12:46:15","modified_gmt":"2026-02-22T12:46:15","slug":"54-ecole-italienne-torero-et-son-veau","status":"publish","type":"product","link":"https:\/\/letempsjadisauction.com\/nl\/veiling\/54-ecole-italienne-torero-et-son-veau\/","title":{"rendered":"54. \u00c9cole italienne, Torero et son veau"},"content":{"rendered":"<p>\u00c9cole italienne, Torero et son veau, porcelaine, sous la base : sign\u00e9 FM et annot\u00e9 Torero, Torino, 40 x 18 cm<\/p>","protected":false},"excerpt":{"rendered":"<p>\u00c9cole italienne, Torero et son veau<\/p>","protected":false},"featured_media":8434,"template":"","meta":{"_acf_changed":false,"inline_featured_image":false},"online_sale":[69],"product_brand":[],"product_cat":[18],"product_tag":[],"class_list":{"0":"post-12151","1":"product","2":"type-product","3":"status-publish","4":"has-post-thumbnail","6":"online_sale-fevrier-2026","7":"product_cat-non-classe","9":"first","10":"instock","11":"shipping-taxable","12":"purchasable","13":"product-type-auction"},"acf":[],"_links":{"self":[{"href":"https:\/\/letempsjadisauction.com\/nl\/wp-json\/wp\/v2\/product\/12151","targetHints":{"allow":["GET"]}}],"collection":[{"href":"https:\/\/letempsjadisauction.com\/nl\/wp-json\/wp\/v2\/product"}],"about":[{"href":"https:\/\/letempsjadisauction.com\/nl\/wp-json\/wp\/v2\/types\/product"}],"wp:featuredmedia":[{"embeddable":true,"href":"https:\/\/letempsjadisauction.com\/nl\/wp-json\/wp\/v2\/media\/8434"}],"wp:attachment":[{"href":"https:\/\/letempsjadisauction.com\/nl\/wp-json\/wp\/v2\/media?parent=12151"}],"wp:term":[{"taxonomy":"online_sale","embeddable":true,"href":"https:\/\/letempsjadisauction.com\/nl\/wp-json\/wp\/v2\/online_sale?post=12151"},{"taxonomy":"product_brand","embeddable":true,"href":"https:\/\/letempsjadisauction.com\/nl\/wp-json\/wp\/v2\/product_brand?post=12151"},{"taxonomy":"product_cat","embeddable":true,"href":"https:\/\/letempsjadisauction.com\/nl\/wp-json\/wp\/v2\/product_cat?post=12151"},{"taxonomy":"product_tag","embeddable":true,"href":"https:\/\/letempsjadisauction.com\/nl\/wp-json\/wp\/v2\/product_tag?post=12151"}],"curies":[{"name":"wp","href":"https:\/\/api.w.org\/{rel}","templated":true}]}}