{"id":12167,"date":"2026-02-11T16:22:25","date_gmt":"2026-02-11T16:22:25","guid":{"rendered":"https:\/\/letempsjadisauction.com\/?post_type=product&#038;p=12167"},"modified":"2026-02-16T17:19:38","modified_gmt":"2026-02-16T17:19:38","slug":"91-lalique-france-oiseau","status":"publish","type":"product","link":"https:\/\/letempsjadisauction.com\/nl\/veiling\/91-lalique-france-oiseau\/","title":{"rendered":"91. Lalique France \u2014 oiseau"},"content":{"rendered":"<p>14. Auteur : Lalique france | Titre : oiseau | Signature : \u00e9tiquette et grav\u00e9 | Mat\u00e9riaux : cristal d\u00e9poli | Dimensions : 12 x 9,5 cm | \u00c9tat : tr\u00e8s bon<\/p>","protected":false},"excerpt":{"rendered":"<p>Lalique France \u2014 oiseau<\/p>","protected":false},"featured_media":9390,"template":"","meta":{"_acf_changed":false,"inline_featured_image":false},"online_sale":[69],"product_brand":[],"product_cat":[18],"product_tag":[],"class_list":{"0":"post-12167","1":"product","2":"type-product","3":"status-publish","4":"has-post-thumbnail","6":"online_sale-fevrier-2026","7":"product_cat-non-classe","9":"first","10":"instock","11":"shipping-taxable","12":"purchasable","13":"product-type-auction"},"acf":[],"_links":{"self":[{"href":"https:\/\/letempsjadisauction.com\/nl\/wp-json\/wp\/v2\/product\/12167","targetHints":{"allow":["GET"]}}],"collection":[{"href":"https:\/\/letempsjadisauction.com\/nl\/wp-json\/wp\/v2\/product"}],"about":[{"href":"https:\/\/letempsjadisauction.com\/nl\/wp-json\/wp\/v2\/types\/product"}],"wp:featuredmedia":[{"embeddable":true,"href":"https:\/\/letempsjadisauction.com\/nl\/wp-json\/wp\/v2\/media\/9390"}],"wp:attachment":[{"href":"https:\/\/letempsjadisauction.com\/nl\/wp-json\/wp\/v2\/media?parent=12167"}],"wp:term":[{"taxonomy":"online_sale","embeddable":true,"href":"https:\/\/letempsjadisauction.com\/nl\/wp-json\/wp\/v2\/online_sale?post=12167"},{"taxonomy":"product_brand","embeddable":true,"href":"https:\/\/letempsjadisauction.com\/nl\/wp-json\/wp\/v2\/product_brand?post=12167"},{"taxonomy":"product_cat","embeddable":true,"href":"https:\/\/letempsjadisauction.com\/nl\/wp-json\/wp\/v2\/product_cat?post=12167"},{"taxonomy":"product_tag","embeddable":true,"href":"https:\/\/letempsjadisauction.com\/nl\/wp-json\/wp\/v2\/product_tag?post=12167"}],"curies":[{"name":"wp","href":"https:\/\/api.w.org\/{rel}","templated":true}]}}