{"id":12180,"date":"2026-02-11T16:22:26","date_gmt":"2026-02-11T16:22:26","guid":{"rendered":"https:\/\/letempsjadisauction.com\/?post_type=product&#038;p=12180"},"modified":"2026-02-11T16:22:26","modified_gmt":"2026-02-11T16:22:26","slug":"104-baccarat-papillon","status":"publish","type":"product","link":"https:\/\/letempsjadisauction.com\/nl\/veiling\/104-baccarat-papillon\/","title":{"rendered":"104. Baccarat \u2014 papillon"},"content":{"rendered":"<p>30. Auteur : Baccarat | Titre : papillon | Signature : grav\u00e9 sur la base | Mat\u00e9riaux : cristal | Dimensions : H. 9 cm | \u00c9tat : 1 \u00e9clat<\/p>","protected":false},"excerpt":{"rendered":"<p>Baccarat \u2014 papillon<\/p>","protected":false},"featured_media":9441,"template":"","meta":{"_acf_changed":false,"inline_featured_image":false},"online_sale":[69],"product_brand":[],"product_cat":[18],"product_tag":[],"class_list":{"0":"post-12180","1":"product","2":"type-product","3":"status-publish","4":"has-post-thumbnail","6":"online_sale-fevrier-2026","7":"product_cat-non-classe","9":"first","10":"instock","11":"shipping-taxable","12":"purchasable","13":"product-type-auction"},"acf":[],"_links":{"self":[{"href":"https:\/\/letempsjadisauction.com\/nl\/wp-json\/wp\/v2\/product\/12180","targetHints":{"allow":["GET"]}}],"collection":[{"href":"https:\/\/letempsjadisauction.com\/nl\/wp-json\/wp\/v2\/product"}],"about":[{"href":"https:\/\/letempsjadisauction.com\/nl\/wp-json\/wp\/v2\/types\/product"}],"wp:featuredmedia":[{"embeddable":true,"href":"https:\/\/letempsjadisauction.com\/nl\/wp-json\/wp\/v2\/media\/9441"}],"wp:attachment":[{"href":"https:\/\/letempsjadisauction.com\/nl\/wp-json\/wp\/v2\/media?parent=12180"}],"wp:term":[{"taxonomy":"online_sale","embeddable":true,"href":"https:\/\/letempsjadisauction.com\/nl\/wp-json\/wp\/v2\/online_sale?post=12180"},{"taxonomy":"product_brand","embeddable":true,"href":"https:\/\/letempsjadisauction.com\/nl\/wp-json\/wp\/v2\/product_brand?post=12180"},{"taxonomy":"product_cat","embeddable":true,"href":"https:\/\/letempsjadisauction.com\/nl\/wp-json\/wp\/v2\/product_cat?post=12180"},{"taxonomy":"product_tag","embeddable":true,"href":"https:\/\/letempsjadisauction.com\/nl\/wp-json\/wp\/v2\/product_tag?post=12180"}],"curies":[{"name":"wp","href":"https:\/\/api.w.org\/{rel}","templated":true}]}}