{"id":12189,"date":"2026-02-11T16:22:50","date_gmt":"2026-02-11T16:22:50","guid":{"rendered":"https:\/\/letempsjadisauction.com\/?post_type=product&#038;p=12189"},"modified":"2026-02-21T12:59:04","modified_gmt":"2026-02-21T12:59:04","slug":"113-lalique-france-tigre","status":"publish","type":"product","link":"https:\/\/letempsjadisauction.com\/nl\/veiling\/113-lalique-france-tigre\/","title":{"rendered":"113. Lalique France \u2014 tigre"},"content":{"rendered":"<p>44. Auteur : Lalique france | Titre : Tigre | Signature : grav\u00e9 sous la base | Mat\u00e9riaux : cristal d\u00e9poli | Dimensions : 7 x 10 cm | \u00c9tat : tr\u00e8s bon \u00e9tat<\/p>","protected":false},"excerpt":{"rendered":"<p>Lalique France \u2014 tigre<\/p>","protected":false},"featured_media":9479,"template":"","meta":{"_acf_changed":false,"inline_featured_image":false},"online_sale":[69],"product_brand":[],"product_cat":[18],"product_tag":[],"class_list":{"0":"post-12189","1":"product","2":"type-product","3":"status-publish","4":"has-post-thumbnail","6":"online_sale-fevrier-2026","7":"product_cat-non-classe","9":"first","10":"instock","11":"shipping-taxable","12":"purchasable","13":"product-type-auction"},"acf":[],"_links":{"self":[{"href":"https:\/\/letempsjadisauction.com\/nl\/wp-json\/wp\/v2\/product\/12189","targetHints":{"allow":["GET"]}}],"collection":[{"href":"https:\/\/letempsjadisauction.com\/nl\/wp-json\/wp\/v2\/product"}],"about":[{"href":"https:\/\/letempsjadisauction.com\/nl\/wp-json\/wp\/v2\/types\/product"}],"wp:featuredmedia":[{"embeddable":true,"href":"https:\/\/letempsjadisauction.com\/nl\/wp-json\/wp\/v2\/media\/9479"}],"wp:attachment":[{"href":"https:\/\/letempsjadisauction.com\/nl\/wp-json\/wp\/v2\/media?parent=12189"}],"wp:term":[{"taxonomy":"online_sale","embeddable":true,"href":"https:\/\/letempsjadisauction.com\/nl\/wp-json\/wp\/v2\/online_sale?post=12189"},{"taxonomy":"product_brand","embeddable":true,"href":"https:\/\/letempsjadisauction.com\/nl\/wp-json\/wp\/v2\/product_brand?post=12189"},{"taxonomy":"product_cat","embeddable":true,"href":"https:\/\/letempsjadisauction.com\/nl\/wp-json\/wp\/v2\/product_cat?post=12189"},{"taxonomy":"product_tag","embeddable":true,"href":"https:\/\/letempsjadisauction.com\/nl\/wp-json\/wp\/v2\/product_tag?post=12189"}],"curies":[{"name":"wp","href":"https:\/\/api.w.org\/{rel}","templated":true}]}}