{"id":12228,"date":"2026-02-11T17:46:41","date_gmt":"2026-02-11T17:46:41","guid":{"rendered":"https:\/\/letempsjadisauction.com\/?post_type=product&#038;p=12228"},"modified":"2026-02-22T13:40:01","modified_gmt":"2026-02-22T13:40:01","slug":"82-delft-plaque-emaillee","status":"publish","type":"product","link":"https:\/\/letempsjadisauction.com\/nl\/veiling\/82-delft-plaque-emaillee\/","title":{"rendered":"82. Delft, plaque \u00e9maill\u00e9e"},"content":{"rendered":"<p>Delft, plaque repr\u00e9sentant une sc\u00e8ne de travail dans les champs, faience polychrome, marque L peinte \u00e0 l&rsquo;arri\u00e8re, 34 x 28 cm<\/p>","protected":false},"excerpt":{"rendered":"<p>Delft, plaque \u00e9maill\u00e9e<\/p>","protected":false},"featured_media":8523,"template":"","meta":{"_acf_changed":false,"inline_featured_image":false},"online_sale":[69],"product_brand":[],"product_cat":[18],"product_tag":[],"class_list":{"0":"post-12228","1":"product","2":"type-product","3":"status-publish","4":"has-post-thumbnail","6":"online_sale-fevrier-2026","7":"product_cat-non-classe","9":"first","10":"instock","11":"shipping-taxable","12":"purchasable","13":"product-type-auction"},"acf":[],"_links":{"self":[{"href":"https:\/\/letempsjadisauction.com\/nl\/wp-json\/wp\/v2\/product\/12228","targetHints":{"allow":["GET"]}}],"collection":[{"href":"https:\/\/letempsjadisauction.com\/nl\/wp-json\/wp\/v2\/product"}],"about":[{"href":"https:\/\/letempsjadisauction.com\/nl\/wp-json\/wp\/v2\/types\/product"}],"wp:featuredmedia":[{"embeddable":true,"href":"https:\/\/letempsjadisauction.com\/nl\/wp-json\/wp\/v2\/media\/8523"}],"wp:attachment":[{"href":"https:\/\/letempsjadisauction.com\/nl\/wp-json\/wp\/v2\/media?parent=12228"}],"wp:term":[{"taxonomy":"online_sale","embeddable":true,"href":"https:\/\/letempsjadisauction.com\/nl\/wp-json\/wp\/v2\/online_sale?post=12228"},{"taxonomy":"product_brand","embeddable":true,"href":"https:\/\/letempsjadisauction.com\/nl\/wp-json\/wp\/v2\/product_brand?post=12228"},{"taxonomy":"product_cat","embeddable":true,"href":"https:\/\/letempsjadisauction.com\/nl\/wp-json\/wp\/v2\/product_cat?post=12228"},{"taxonomy":"product_tag","embeddable":true,"href":"https:\/\/letempsjadisauction.com\/nl\/wp-json\/wp\/v2\/product_tag?post=12228"}],"curies":[{"name":"wp","href":"https:\/\/api.w.org\/{rel}","templated":true}]}}