{"id":12325,"date":"2026-02-11T22:22:00","date_gmt":"2026-02-11T22:22:00","guid":{"rendered":"https:\/\/letempsjadisauction.com\/?post_type=product&#038;p=12325"},"modified":"2026-02-22T15:22:00","modified_gmt":"2026-02-22T15:22:00","slug":"133-royaume-de-macedoine-alexandre-iii-le-grand-tetradrachme-en-argent","status":"publish","type":"product","link":"https:\/\/letempsjadisauction.com\/nl\/veiling\/133-royaume-de-macedoine-alexandre-iii-le-grand-tetradrachme-en-argent\/","title":{"rendered":"133. Royaume de Mac\u00e9doine, Alexandre III le Grand, T\u00e9tradrachme en argent"},"content":{"rendered":"<p>Royaume de Mac\u00e9doine, Alexandre III le Grand, T\u00e9tradrachme en argent<\/p>","protected":false},"excerpt":{"rendered":"<p>Royaume de Mac\u00e9doine, Alexandre III le Grand, T\u00e9tradrachme en argent<\/p>","protected":false},"featured_media":12339,"template":"","meta":{"_acf_changed":false,"inline_featured_image":false},"online_sale":[69],"product_brand":[],"product_cat":[18],"product_tag":[],"class_list":{"0":"post-12325","1":"product","2":"type-product","3":"status-publish","4":"has-post-thumbnail","6":"online_sale-fevrier-2026","7":"product_cat-non-classe","9":"first","10":"instock","11":"shipping-taxable","12":"purchasable","13":"product-type-auction"},"acf":[],"_links":{"self":[{"href":"https:\/\/letempsjadisauction.com\/nl\/wp-json\/wp\/v2\/product\/12325","targetHints":{"allow":["GET"]}}],"collection":[{"href":"https:\/\/letempsjadisauction.com\/nl\/wp-json\/wp\/v2\/product"}],"about":[{"href":"https:\/\/letempsjadisauction.com\/nl\/wp-json\/wp\/v2\/types\/product"}],"wp:featuredmedia":[{"embeddable":true,"href":"https:\/\/letempsjadisauction.com\/nl\/wp-json\/wp\/v2\/media\/12339"}],"wp:attachment":[{"href":"https:\/\/letempsjadisauction.com\/nl\/wp-json\/wp\/v2\/media?parent=12325"}],"wp:term":[{"taxonomy":"online_sale","embeddable":true,"href":"https:\/\/letempsjadisauction.com\/nl\/wp-json\/wp\/v2\/online_sale?post=12325"},{"taxonomy":"product_brand","embeddable":true,"href":"https:\/\/letempsjadisauction.com\/nl\/wp-json\/wp\/v2\/product_brand?post=12325"},{"taxonomy":"product_cat","embeddable":true,"href":"https:\/\/letempsjadisauction.com\/nl\/wp-json\/wp\/v2\/product_cat?post=12325"},{"taxonomy":"product_tag","embeddable":true,"href":"https:\/\/letempsjadisauction.com\/nl\/wp-json\/wp\/v2\/product_tag?post=12325"}],"curies":[{"name":"wp","href":"https:\/\/api.w.org\/{rel}","templated":true}]}}