{"id":12368,"date":"2026-02-12T10:17:31","date_gmt":"2026-02-12T10:17:31","guid":{"rendered":"https:\/\/letempsjadisauction.com\/?post_type=product&#038;p=12368"},"modified":"2026-02-22T17:38:04","modified_gmt":"2026-02-22T17:38:04","slug":"171-baruch-elron-1934-2006-le-voyageur-temporel","status":"publish","type":"product","link":"https:\/\/letempsjadisauction.com\/nl\/veiling\/171-baruch-elron-1934-2006-le-voyageur-temporel\/","title":{"rendered":"171. Baruch Elron (1934-2006), le voyageur temporel"},"content":{"rendered":"<p>Auteur : Baruch Elron (1934-2006) | Titre : le voyageur temporel | Signature : sign\u00e9 au centre | Mat\u00e9riaux : huile sur panneau | Dimensions : 63 x 96, 78 x 110 cm| \u00c9tat :<\/p>","protected":false},"excerpt":{"rendered":"<p>Baruch Elron (1934-2006), le voyageur temporel<\/p>","protected":false},"featured_media":9804,"template":"","meta":{"_acf_changed":false,"inline_featured_image":false},"online_sale":[69],"product_brand":[],"product_cat":[18],"product_tag":[],"class_list":{"0":"post-12368","1":"product","2":"type-product","3":"status-publish","4":"has-post-thumbnail","6":"online_sale-fevrier-2026","7":"product_cat-non-classe","9":"first","10":"instock","11":"shipping-taxable","12":"purchasable","13":"product-type-auction"},"acf":[],"_links":{"self":[{"href":"https:\/\/letempsjadisauction.com\/nl\/wp-json\/wp\/v2\/product\/12368","targetHints":{"allow":["GET"]}}],"collection":[{"href":"https:\/\/letempsjadisauction.com\/nl\/wp-json\/wp\/v2\/product"}],"about":[{"href":"https:\/\/letempsjadisauction.com\/nl\/wp-json\/wp\/v2\/types\/product"}],"wp:featuredmedia":[{"embeddable":true,"href":"https:\/\/letempsjadisauction.com\/nl\/wp-json\/wp\/v2\/media\/9804"}],"wp:attachment":[{"href":"https:\/\/letempsjadisauction.com\/nl\/wp-json\/wp\/v2\/media?parent=12368"}],"wp:term":[{"taxonomy":"online_sale","embeddable":true,"href":"https:\/\/letempsjadisauction.com\/nl\/wp-json\/wp\/v2\/online_sale?post=12368"},{"taxonomy":"product_brand","embeddable":true,"href":"https:\/\/letempsjadisauction.com\/nl\/wp-json\/wp\/v2\/product_brand?post=12368"},{"taxonomy":"product_cat","embeddable":true,"href":"https:\/\/letempsjadisauction.com\/nl\/wp-json\/wp\/v2\/product_cat?post=12368"},{"taxonomy":"product_tag","embeddable":true,"href":"https:\/\/letempsjadisauction.com\/nl\/wp-json\/wp\/v2\/product_tag?post=12368"}],"curies":[{"name":"wp","href":"https:\/\/api.w.org\/{rel}","templated":true}]}}