{"id":12372,"date":"2026-02-12T10:15:14","date_gmt":"2026-02-12T10:15:14","guid":{"rendered":"https:\/\/letempsjadisauction.com\/?post_type=product&#038;p=12372"},"modified":"2026-02-22T16:46:02","modified_gmt":"2026-02-22T16:46:02","slug":"175-paire-dappliques-a-deux-bras-de-lumiere-a-decor-de-figures-ailees","status":"publish","type":"product","link":"https:\/\/letempsjadisauction.com\/nl\/veiling\/175-paire-dappliques-a-deux-bras-de-lumiere-a-decor-de-figures-ailees\/","title":{"rendered":"175. Paire d&rsquo;appliques \u00e0 deux bras de lumi\u00e8re \u00e0 d\u00e9cor de figures ail\u00e9es"},"content":{"rendered":"<p>Paire d&rsquo;appliques \u00e0 deux bras de lumi\u00e8re \u00e0 d\u00e9cor de figures ail\u00e9es, bronze dor\u00e9 et patin\u00e9, style empire, 36 x 25 x 9 cm<\/p>","protected":false},"excerpt":{"rendered":"<p>Paire d&rsquo;appliques \u00e0 deux bras de lumi\u00e8re \u00e0 d\u00e9cor de figures ail\u00e9es<\/p>","protected":false},"featured_media":8325,"template":"","meta":{"_acf_changed":false,"inline_featured_image":false},"online_sale":[69],"product_brand":[],"product_cat":[18],"product_tag":[],"class_list":{"0":"post-12372","1":"product","2":"type-product","3":"status-publish","4":"has-post-thumbnail","6":"online_sale-fevrier-2026","7":"product_cat-non-classe","9":"first","10":"instock","11":"shipping-taxable","12":"purchasable","13":"product-type-auction"},"acf":[],"_links":{"self":[{"href":"https:\/\/letempsjadisauction.com\/nl\/wp-json\/wp\/v2\/product\/12372","targetHints":{"allow":["GET"]}}],"collection":[{"href":"https:\/\/letempsjadisauction.com\/nl\/wp-json\/wp\/v2\/product"}],"about":[{"href":"https:\/\/letempsjadisauction.com\/nl\/wp-json\/wp\/v2\/types\/product"}],"wp:featuredmedia":[{"embeddable":true,"href":"https:\/\/letempsjadisauction.com\/nl\/wp-json\/wp\/v2\/media\/8325"}],"wp:attachment":[{"href":"https:\/\/letempsjadisauction.com\/nl\/wp-json\/wp\/v2\/media?parent=12372"}],"wp:term":[{"taxonomy":"online_sale","embeddable":true,"href":"https:\/\/letempsjadisauction.com\/nl\/wp-json\/wp\/v2\/online_sale?post=12372"},{"taxonomy":"product_brand","embeddable":true,"href":"https:\/\/letempsjadisauction.com\/nl\/wp-json\/wp\/v2\/product_brand?post=12372"},{"taxonomy":"product_cat","embeddable":true,"href":"https:\/\/letempsjadisauction.com\/nl\/wp-json\/wp\/v2\/product_cat?post=12372"},{"taxonomy":"product_tag","embeddable":true,"href":"https:\/\/letempsjadisauction.com\/nl\/wp-json\/wp\/v2\/product_tag?post=12372"}],"curies":[{"name":"wp","href":"https:\/\/api.w.org\/{rel}","templated":true}]}}