{"id":12378,"date":"2026-02-12T10:06:43","date_gmt":"2026-02-12T10:06:43","guid":{"rendered":"https:\/\/letempsjadisauction.com\/?post_type=product&#038;p=12378"},"modified":"2026-02-22T16:58:15","modified_gmt":"2026-02-22T16:58:15","slug":"181-seau-a-champagne-style-art-deco","status":"publish","type":"product","link":"https:\/\/letempsjadisauction.com\/nl\/veiling\/181-seau-a-champagne-style-art-deco\/","title":{"rendered":"181. Seau \u00e0 champagne style art d\u00e9co"},"content":{"rendered":"<p>Seau \u00e0 champagne style art d\u00e9co, H 20 cm<\/p>","protected":false},"excerpt":{"rendered":"<p>Seau \u00e0 champagne style art d\u00e9co<\/p>","protected":false},"featured_media":12294,"template":"","meta":{"_acf_changed":false,"inline_featured_image":false},"online_sale":[69],"product_brand":[],"product_cat":[18],"product_tag":[],"class_list":{"0":"post-12378","1":"product","2":"type-product","3":"status-publish","4":"has-post-thumbnail","6":"online_sale-fevrier-2026","7":"product_cat-non-classe","9":"first","10":"instock","11":"shipping-taxable","12":"purchasable","13":"product-type-auction"},"acf":[],"_links":{"self":[{"href":"https:\/\/letempsjadisauction.com\/nl\/wp-json\/wp\/v2\/product\/12378","targetHints":{"allow":["GET"]}}],"collection":[{"href":"https:\/\/letempsjadisauction.com\/nl\/wp-json\/wp\/v2\/product"}],"about":[{"href":"https:\/\/letempsjadisauction.com\/nl\/wp-json\/wp\/v2\/types\/product"}],"wp:featuredmedia":[{"embeddable":true,"href":"https:\/\/letempsjadisauction.com\/nl\/wp-json\/wp\/v2\/media\/12294"}],"wp:attachment":[{"href":"https:\/\/letempsjadisauction.com\/nl\/wp-json\/wp\/v2\/media?parent=12378"}],"wp:term":[{"taxonomy":"online_sale","embeddable":true,"href":"https:\/\/letempsjadisauction.com\/nl\/wp-json\/wp\/v2\/online_sale?post=12378"},{"taxonomy":"product_brand","embeddable":true,"href":"https:\/\/letempsjadisauction.com\/nl\/wp-json\/wp\/v2\/product_brand?post=12378"},{"taxonomy":"product_cat","embeddable":true,"href":"https:\/\/letempsjadisauction.com\/nl\/wp-json\/wp\/v2\/product_cat?post=12378"},{"taxonomy":"product_tag","embeddable":true,"href":"https:\/\/letempsjadisauction.com\/nl\/wp-json\/wp\/v2\/product_tag?post=12378"}],"curies":[{"name":"wp","href":"https:\/\/api.w.org\/{rel}","templated":true}]}}