{"id":12383,"date":"2026-02-12T10:11:18","date_gmt":"2026-02-12T10:11:18","guid":{"rendered":"https:\/\/letempsjadisauction.com\/?post_type=product&#038;p=12383"},"modified":"2026-02-22T17:08:01","modified_gmt":"2026-02-22T17:08:01","slug":"186-republique-democratique-du-congo-malachite","status":"publish","type":"product","link":"https:\/\/letempsjadisauction.com\/nl\/veiling\/186-republique-democratique-du-congo-malachite\/","title":{"rendered":"186. Republique d\u00e9mocratique du Congo, malachite"},"content":{"rendered":"<p>Republique d\u00e9mocratique du Congo, t\u00eate stylis\u00e9e, malachite, 20e si\u00e8cl<\/p>","protected":false},"excerpt":{"rendered":"<p>Republique d\u00e9mocratique du Congo, malachite<\/p>","protected":false},"featured_media":4783,"template":"","meta":{"_acf_changed":false,"inline_featured_image":false},"online_sale":[69],"product_brand":[],"product_cat":[18],"product_tag":[],"class_list":{"0":"post-12383","1":"product","2":"type-product","3":"status-publish","4":"has-post-thumbnail","6":"online_sale-fevrier-2026","7":"product_cat-non-classe","9":"first","10":"instock","11":"shipping-taxable","12":"purchasable","13":"product-type-auction"},"acf":[],"_links":{"self":[{"href":"https:\/\/letempsjadisauction.com\/nl\/wp-json\/wp\/v2\/product\/12383","targetHints":{"allow":["GET"]}}],"collection":[{"href":"https:\/\/letempsjadisauction.com\/nl\/wp-json\/wp\/v2\/product"}],"about":[{"href":"https:\/\/letempsjadisauction.com\/nl\/wp-json\/wp\/v2\/types\/product"}],"wp:featuredmedia":[{"embeddable":true,"href":"https:\/\/letempsjadisauction.com\/nl\/wp-json\/wp\/v2\/media\/4783"}],"wp:attachment":[{"href":"https:\/\/letempsjadisauction.com\/nl\/wp-json\/wp\/v2\/media?parent=12383"}],"wp:term":[{"taxonomy":"online_sale","embeddable":true,"href":"https:\/\/letempsjadisauction.com\/nl\/wp-json\/wp\/v2\/online_sale?post=12383"},{"taxonomy":"product_brand","embeddable":true,"href":"https:\/\/letempsjadisauction.com\/nl\/wp-json\/wp\/v2\/product_brand?post=12383"},{"taxonomy":"product_cat","embeddable":true,"href":"https:\/\/letempsjadisauction.com\/nl\/wp-json\/wp\/v2\/product_cat?post=12383"},{"taxonomy":"product_tag","embeddable":true,"href":"https:\/\/letempsjadisauction.com\/nl\/wp-json\/wp\/v2\/product_tag?post=12383"}],"curies":[{"name":"wp","href":"https:\/\/api.w.org\/{rel}","templated":true}]}}