{"id":12386,"date":"2026-02-12T10:03:55","date_gmt":"2026-02-12T10:03:55","guid":{"rendered":"https:\/\/letempsjadisauction.com\/?post_type=product&#038;p=12386"},"modified":"2026-02-22T17:14:00","modified_gmt":"2026-02-22T17:14:00","slug":"189-putto-aile-bois-sculpte-et-polychrome","status":"publish","type":"product","link":"https:\/\/letempsjadisauction.com\/nl\/veiling\/189-putto-aile-bois-sculpte-et-polychrome\/","title":{"rendered":"189. Putto ail\u00e9, bois sculpt\u00e9 et polychrom\u00e9"},"content":{"rendered":"<p>Putto ail\u00e9, bois sculpt\u00e9 et polychrom\u00e9, restaurations, 84 \u00d7 37 cm<\/p>","protected":false},"excerpt":{"rendered":"<p>Putto ail\u00e9, bois sculpt\u00e9 et polychrom\u00e9<\/p>","protected":false},"featured_media":8220,"template":"","meta":{"_acf_changed":false,"inline_featured_image":false},"online_sale":[69],"product_brand":[],"product_cat":[18],"product_tag":[],"class_list":{"0":"post-12386","1":"product","2":"type-product","3":"status-publish","4":"has-post-thumbnail","6":"online_sale-fevrier-2026","7":"product_cat-non-classe","9":"first","10":"instock","11":"shipping-taxable","12":"purchasable","13":"product-type-auction"},"acf":[],"_links":{"self":[{"href":"https:\/\/letempsjadisauction.com\/nl\/wp-json\/wp\/v2\/product\/12386","targetHints":{"allow":["GET"]}}],"collection":[{"href":"https:\/\/letempsjadisauction.com\/nl\/wp-json\/wp\/v2\/product"}],"about":[{"href":"https:\/\/letempsjadisauction.com\/nl\/wp-json\/wp\/v2\/types\/product"}],"wp:featuredmedia":[{"embeddable":true,"href":"https:\/\/letempsjadisauction.com\/nl\/wp-json\/wp\/v2\/media\/8220"}],"wp:attachment":[{"href":"https:\/\/letempsjadisauction.com\/nl\/wp-json\/wp\/v2\/media?parent=12386"}],"wp:term":[{"taxonomy":"online_sale","embeddable":true,"href":"https:\/\/letempsjadisauction.com\/nl\/wp-json\/wp\/v2\/online_sale?post=12386"},{"taxonomy":"product_brand","embeddable":true,"href":"https:\/\/letempsjadisauction.com\/nl\/wp-json\/wp\/v2\/product_brand?post=12386"},{"taxonomy":"product_cat","embeddable":true,"href":"https:\/\/letempsjadisauction.com\/nl\/wp-json\/wp\/v2\/product_cat?post=12386"},{"taxonomy":"product_tag","embeddable":true,"href":"https:\/\/letempsjadisauction.com\/nl\/wp-json\/wp\/v2\/product_tag?post=12386"}],"curies":[{"name":"wp","href":"https:\/\/api.w.org\/{rel}","templated":true}]}}