{"id":12424,"date":"2026-02-12T21:11:41","date_gmt":"2026-02-12T21:11:41","guid":{"rendered":"https:\/\/letempsjadisauction.com\/?post_type=product&#038;p=12424"},"modified":"2026-02-22T16:00:02","modified_gmt":"2026-02-22T16:00:02","slug":"152-medaille-franc-maconnique-action-solidarite","status":"publish","type":"product","link":"https:\/\/letempsjadisauction.com\/nl\/veiling\/152-medaille-franc-maconnique-action-solidarite\/","title":{"rendered":"152.M\u00e9daille franc-ma\u00e7onnique Action Solidarit\u00e9"},"content":{"rendered":"<p>M\u00e9daille franc-ma\u00e7onnique Action Solidarit\u00e9<\/p>","protected":false},"excerpt":{"rendered":"<p>M\u00e9daille franc-ma\u00e7onnique Action Solidarit\u00e9<\/p>","protected":false},"featured_media":12455,"template":"","meta":{"_acf_changed":false,"inline_featured_image":false},"online_sale":[69],"product_brand":[],"product_cat":[18],"product_tag":[],"class_list":{"0":"post-12424","1":"product","2":"type-product","3":"status-publish","4":"has-post-thumbnail","6":"online_sale-fevrier-2026","7":"product_cat-non-classe","9":"first","10":"instock","11":"shipping-taxable","12":"purchasable","13":"product-type-auction"},"acf":[],"_links":{"self":[{"href":"https:\/\/letempsjadisauction.com\/nl\/wp-json\/wp\/v2\/product\/12424","targetHints":{"allow":["GET"]}}],"collection":[{"href":"https:\/\/letempsjadisauction.com\/nl\/wp-json\/wp\/v2\/product"}],"about":[{"href":"https:\/\/letempsjadisauction.com\/nl\/wp-json\/wp\/v2\/types\/product"}],"wp:featuredmedia":[{"embeddable":true,"href":"https:\/\/letempsjadisauction.com\/nl\/wp-json\/wp\/v2\/media\/12455"}],"wp:attachment":[{"href":"https:\/\/letempsjadisauction.com\/nl\/wp-json\/wp\/v2\/media?parent=12424"}],"wp:term":[{"taxonomy":"online_sale","embeddable":true,"href":"https:\/\/letempsjadisauction.com\/nl\/wp-json\/wp\/v2\/online_sale?post=12424"},{"taxonomy":"product_brand","embeddable":true,"href":"https:\/\/letempsjadisauction.com\/nl\/wp-json\/wp\/v2\/product_brand?post=12424"},{"taxonomy":"product_cat","embeddable":true,"href":"https:\/\/letempsjadisauction.com\/nl\/wp-json\/wp\/v2\/product_cat?post=12424"},{"taxonomy":"product_tag","embeddable":true,"href":"https:\/\/letempsjadisauction.com\/nl\/wp-json\/wp\/v2\/product_tag?post=12424"}],"curies":[{"name":"wp","href":"https:\/\/api.w.org\/{rel}","templated":true}]}}