{"id":12430,"date":"2026-02-12T21:25:46","date_gmt":"2026-02-12T21:25:46","guid":{"rendered":"https:\/\/letempsjadisauction.com\/?post_type=product&#038;p=12430"},"modified":"2026-02-22T16:12:21","modified_gmt":"2026-02-22T16:12:21","slug":"158-medaille-de-loge-franc-maconnique","status":"publish","type":"product","link":"https:\/\/letempsjadisauction.com\/nl\/veiling\/158-medaille-de-loge-franc-maconnique\/","title":{"rendered":"158. M\u00e9daille de loge franc-ma\u00e7onnique"},"content":{"rendered":"<p>M\u00e9daille de loge franc-ma\u00e7onnique<\/p>","protected":false},"excerpt":{"rendered":"<p>M\u00e9daille de loge franc-ma\u00e7onnique<\/p>","protected":false},"featured_media":12461,"template":"","meta":{"_acf_changed":false,"inline_featured_image":false},"online_sale":[69],"product_brand":[],"product_cat":[18],"product_tag":[],"class_list":{"0":"post-12430","1":"product","2":"type-product","3":"status-publish","4":"has-post-thumbnail","6":"online_sale-fevrier-2026","7":"product_cat-non-classe","9":"first","10":"instock","11":"shipping-taxable","12":"purchasable","13":"product-type-auction"},"acf":[],"_links":{"self":[{"href":"https:\/\/letempsjadisauction.com\/nl\/wp-json\/wp\/v2\/product\/12430","targetHints":{"allow":["GET"]}}],"collection":[{"href":"https:\/\/letempsjadisauction.com\/nl\/wp-json\/wp\/v2\/product"}],"about":[{"href":"https:\/\/letempsjadisauction.com\/nl\/wp-json\/wp\/v2\/types\/product"}],"wp:featuredmedia":[{"embeddable":true,"href":"https:\/\/letempsjadisauction.com\/nl\/wp-json\/wp\/v2\/media\/12461"}],"wp:attachment":[{"href":"https:\/\/letempsjadisauction.com\/nl\/wp-json\/wp\/v2\/media?parent=12430"}],"wp:term":[{"taxonomy":"online_sale","embeddable":true,"href":"https:\/\/letempsjadisauction.com\/nl\/wp-json\/wp\/v2\/online_sale?post=12430"},{"taxonomy":"product_brand","embeddable":true,"href":"https:\/\/letempsjadisauction.com\/nl\/wp-json\/wp\/v2\/product_brand?post=12430"},{"taxonomy":"product_cat","embeddable":true,"href":"https:\/\/letempsjadisauction.com\/nl\/wp-json\/wp\/v2\/product_cat?post=12430"},{"taxonomy":"product_tag","embeddable":true,"href":"https:\/\/letempsjadisauction.com\/nl\/wp-json\/wp\/v2\/product_tag?post=12430"}],"curies":[{"name":"wp","href":"https:\/\/api.w.org\/{rel}","templated":true}]}}