{"id":12432,"date":"2026-02-12T20:59:54","date_gmt":"2026-02-12T20:59:54","guid":{"rendered":"https:\/\/letempsjadisauction.com\/?post_type=product&#038;p=12432"},"modified":"2026-02-22T16:16:01","modified_gmt":"2026-02-22T16:16:01","slug":"160-ensemble-de-deux-medailles-ordre-de-la-couronne-et-leopold","status":"publish","type":"product","link":"https:\/\/letempsjadisauction.com\/nl\/veiling\/160-ensemble-de-deux-medailles-ordre-de-la-couronne-et-leopold\/","title":{"rendered":"160. Ensemble de deux m\u00e9dailles ordre de la couronne et L\u00e9opold"},"content":{"rendered":"<p>Ensemble de deux m\u00e9dailles ordre de la couronne et L\u00e9opold<\/p>","protected":false},"excerpt":{"rendered":"<p>Ensemble de deux m\u00e9dailles ordre de la couronne et L\u00e9opold<\/p>","protected":false},"featured_media":12447,"template":"","meta":{"_acf_changed":false,"inline_featured_image":false},"online_sale":[69],"product_brand":[],"product_cat":[18],"product_tag":[],"class_list":{"0":"post-12432","1":"product","2":"type-product","3":"status-publish","4":"has-post-thumbnail","6":"online_sale-fevrier-2026","7":"product_cat-non-classe","9":"first","10":"instock","11":"shipping-taxable","12":"purchasable","13":"product-type-auction"},"acf":[],"_links":{"self":[{"href":"https:\/\/letempsjadisauction.com\/nl\/wp-json\/wp\/v2\/product\/12432","targetHints":{"allow":["GET"]}}],"collection":[{"href":"https:\/\/letempsjadisauction.com\/nl\/wp-json\/wp\/v2\/product"}],"about":[{"href":"https:\/\/letempsjadisauction.com\/nl\/wp-json\/wp\/v2\/types\/product"}],"wp:featuredmedia":[{"embeddable":true,"href":"https:\/\/letempsjadisauction.com\/nl\/wp-json\/wp\/v2\/media\/12447"}],"wp:attachment":[{"href":"https:\/\/letempsjadisauction.com\/nl\/wp-json\/wp\/v2\/media?parent=12432"}],"wp:term":[{"taxonomy":"online_sale","embeddable":true,"href":"https:\/\/letempsjadisauction.com\/nl\/wp-json\/wp\/v2\/online_sale?post=12432"},{"taxonomy":"product_brand","embeddable":true,"href":"https:\/\/letempsjadisauction.com\/nl\/wp-json\/wp\/v2\/product_brand?post=12432"},{"taxonomy":"product_cat","embeddable":true,"href":"https:\/\/letempsjadisauction.com\/nl\/wp-json\/wp\/v2\/product_cat?post=12432"},{"taxonomy":"product_tag","embeddable":true,"href":"https:\/\/letempsjadisauction.com\/nl\/wp-json\/wp\/v2\/product_tag?post=12432"}],"curies":[{"name":"wp","href":"https:\/\/api.w.org\/{rel}","templated":true}]}}