{"id":12613,"date":"2026-02-25T14:25:59","date_gmt":"2026-02-25T14:25:59","guid":{"rendered":"https:\/\/letempsjadisauction.com\/?post_type=product&#038;p=12613"},"modified":"2026-03-29T12:00:03","modified_gmt":"2026-03-29T12:00:03","slug":"201-charles-counhaye-1884-1971-femme-assise-aquarelle","status":"publish","type":"product","link":"https:\/\/letempsjadisauction.com\/nl\/veiling\/201-charles-counhaye-1884-1971-femme-assise-aquarelle\/","title":{"rendered":"1. Charles Counhaye (1884-1971), femme assise, aquarelle"},"content":{"rendered":"<p>Charles Counhaye (1884-1971), femme assise, aquarelle, 1962, 21,5 x 29 cm, sign\u00e9 et dat\u00e9 en bas \u00e0 droite. Charles Counhaye se forme aux acad\u00e9mies de Verviers puis de Bruxelles aupr\u00e8s de Constant Montald. Un s\u00e9jour \u00e0 Paris l\u2019impr\u00e8gne du fauvisme et du cubisme. Professeur \u00e0 La Cambre de 1926 \u00e0 1949, il marque la peinture monumentale \u00e0 tendance sociale. Membre du \u00ab Groupe des V \u00bb, il expose notamment \u00e0 la Galerie Georges Giroux. Il pratique aussi la tapisserie, la fresque et le vitrail.<\/p>","protected":false},"excerpt":{"rendered":"<p>Charles Counhaye (1884-1971), femme assise, aquarelle<\/p>","protected":false},"featured_media":12533,"template":"","meta":{"_acf_changed":false,"inline_featured_image":false},"online_sale":[72],"product_brand":[],"product_cat":[18],"product_tag":[],"class_list":{"0":"post-12613","1":"product","2":"type-product","3":"status-publish","4":"has-post-thumbnail","6":"online_sale-mars-2026","7":"product_cat-non-classe","9":"first","10":"instock","11":"shipping-taxable","12":"purchasable","13":"product-type-auction"},"acf":[],"_links":{"self":[{"href":"https:\/\/letempsjadisauction.com\/nl\/wp-json\/wp\/v2\/product\/12613","targetHints":{"allow":["GET"]}}],"collection":[{"href":"https:\/\/letempsjadisauction.com\/nl\/wp-json\/wp\/v2\/product"}],"about":[{"href":"https:\/\/letempsjadisauction.com\/nl\/wp-json\/wp\/v2\/types\/product"}],"wp:featuredmedia":[{"embeddable":true,"href":"https:\/\/letempsjadisauction.com\/nl\/wp-json\/wp\/v2\/media\/12533"}],"wp:attachment":[{"href":"https:\/\/letempsjadisauction.com\/nl\/wp-json\/wp\/v2\/media?parent=12613"}],"wp:term":[{"taxonomy":"online_sale","embeddable":true,"href":"https:\/\/letempsjadisauction.com\/nl\/wp-json\/wp\/v2\/online_sale?post=12613"},{"taxonomy":"product_brand","embeddable":true,"href":"https:\/\/letempsjadisauction.com\/nl\/wp-json\/wp\/v2\/product_brand?post=12613"},{"taxonomy":"product_cat","embeddable":true,"href":"https:\/\/letempsjadisauction.com\/nl\/wp-json\/wp\/v2\/product_cat?post=12613"},{"taxonomy":"product_tag","embeddable":true,"href":"https:\/\/letempsjadisauction.com\/nl\/wp-json\/wp\/v2\/product_tag?post=12613"}],"curies":[{"name":"wp","href":"https:\/\/api.w.org\/{rel}","templated":true}]}}