{"id":12614,"date":"2026-02-25T14:30:09","date_gmt":"2026-02-25T14:30:09","guid":{"rendered":"https:\/\/letempsjadisauction.com\/?post_type=product&#038;p=12614"},"modified":"2026-03-29T12:02:01","modified_gmt":"2026-03-29T12:02:01","slug":"202-ecole-francaise-vue-animee-dun-port-huile-sur-toile","status":"publish","type":"product","link":"https:\/\/letempsjadisauction.com\/nl\/veiling\/202-ecole-francaise-vue-animee-dun-port-huile-sur-toile\/","title":{"rendered":"2. \u00c9cole fran\u00e7aise, vue anim\u00e9e d&rsquo;un port, huile sur toile"},"content":{"rendered":"<p>\u00c9cole fran\u00e7aise, vue anim\u00e9e d&rsquo;un port, huile sur toile, 55 x 38 cm, \u00e9tat\u00a0: un coup dans la toile \u00e0 restaurer<\/p>","protected":false},"excerpt":{"rendered":"<p>\u00c9cole fran\u00e7aise, vue anim\u00e9e d&rsquo;un port, huile sur toile<\/p>","protected":false},"featured_media":12580,"template":"","meta":{"_acf_changed":false,"inline_featured_image":false},"online_sale":[72],"product_brand":[],"product_cat":[18],"product_tag":[],"class_list":{"0":"post-12614","1":"product","2":"type-product","3":"status-publish","4":"has-post-thumbnail","6":"online_sale-mars-2026","7":"product_cat-non-classe","9":"first","10":"instock","11":"shipping-taxable","12":"purchasable","13":"product-type-auction"},"acf":[],"_links":{"self":[{"href":"https:\/\/letempsjadisauction.com\/nl\/wp-json\/wp\/v2\/product\/12614","targetHints":{"allow":["GET"]}}],"collection":[{"href":"https:\/\/letempsjadisauction.com\/nl\/wp-json\/wp\/v2\/product"}],"about":[{"href":"https:\/\/letempsjadisauction.com\/nl\/wp-json\/wp\/v2\/types\/product"}],"wp:featuredmedia":[{"embeddable":true,"href":"https:\/\/letempsjadisauction.com\/nl\/wp-json\/wp\/v2\/media\/12580"}],"wp:attachment":[{"href":"https:\/\/letempsjadisauction.com\/nl\/wp-json\/wp\/v2\/media?parent=12614"}],"wp:term":[{"taxonomy":"online_sale","embeddable":true,"href":"https:\/\/letempsjadisauction.com\/nl\/wp-json\/wp\/v2\/online_sale?post=12614"},{"taxonomy":"product_brand","embeddable":true,"href":"https:\/\/letempsjadisauction.com\/nl\/wp-json\/wp\/v2\/product_brand?post=12614"},{"taxonomy":"product_cat","embeddable":true,"href":"https:\/\/letempsjadisauction.com\/nl\/wp-json\/wp\/v2\/product_cat?post=12614"},{"taxonomy":"product_tag","embeddable":true,"href":"https:\/\/letempsjadisauction.com\/nl\/wp-json\/wp\/v2\/product_tag?post=12614"}],"curies":[{"name":"wp","href":"https:\/\/api.w.org\/{rel}","templated":true}]}}