{"id":12616,"date":"2026-02-25T14:57:16","date_gmt":"2026-02-25T14:57:16","guid":{"rendered":"https:\/\/letempsjadisauction.com\/?post_type=product&#038;p=12616"},"modified":"2026-03-29T12:06:03","modified_gmt":"2026-03-29T12:06:03","slug":"204-hector-chavepeyer-1891-1967-mineur-a-la-lampe-a-huile-huile-sur-toile","status":"publish","type":"product","link":"https:\/\/letempsjadisauction.com\/nl\/veiling\/204-hector-chavepeyer-1891-1967-mineur-a-la-lampe-a-huile-huile-sur-toile\/","title":{"rendered":"4. Hector Chavepeyer (1891-1967) mineur \u00e0 la lampe \u00e0 huile, huile sur toile"},"content":{"rendered":"<p>Hector Chavepeyer (1891-1967) mineur \u00e0 la lampe \u00e0 huile, huile sur toile , sign\u00e9 en bas \u00e0 droite, 60 x 70 cm, 75 x 84 cm avec cadre. Hector Chavepeyer (Ch\u00e2telet, 1893 \u2013 1967) est un peintre belge, fr\u00e8re d\u2019Albert Chavepeyer et d\u2019\u00c9mile Chavepeyer. Form\u00e9 \u00e0 l\u2019Acad\u00e9mie de Bruxelles aupr\u00e8s de Constant Montald et de Jean-Pierre Mommens, il d\u00e9veloppe une \u0153uvre marqu\u00e9e par les sc\u00e8nes de genre, les paysages ardennais, les figures, portraits et natures mortes. Durant la Premi\u00e8re Guerre mondiale, son style \u00e9volue vers un expressionnisme plus affirm\u00e9, traduisant avec intensit\u00e9 la douleur humaine. Cofondateur de plusieurs cercles artistiques dans la r\u00e9gion de Charleroi (dont le Cercle artistique et litt\u00e9raire de Charleroi en 1921), il participa activement \u00e0 la vie culturelle locale. Ses \u0153uvres sont conserv\u00e9es notamment dans les mus\u00e9es de Charleroi et de Reims.<\/p>","protected":false},"excerpt":{"rendered":"<p>Hector Chavepeyer (1891-1967) mineur \u00e0 la lampe \u00e0 huile, huile sur toile<\/p>","protected":false},"featured_media":12595,"template":"","meta":{"_acf_changed":false,"inline_featured_image":false},"online_sale":[72],"product_brand":[],"product_cat":[18],"product_tag":[],"class_list":{"0":"post-12616","1":"product","2":"type-product","3":"status-publish","4":"has-post-thumbnail","6":"online_sale-mars-2026","7":"product_cat-non-classe","9":"first","10":"instock","11":"shipping-taxable","12":"purchasable","13":"product-type-auction"},"acf":[],"_links":{"self":[{"href":"https:\/\/letempsjadisauction.com\/nl\/wp-json\/wp\/v2\/product\/12616","targetHints":{"allow":["GET"]}}],"collection":[{"href":"https:\/\/letempsjadisauction.com\/nl\/wp-json\/wp\/v2\/product"}],"about":[{"href":"https:\/\/letempsjadisauction.com\/nl\/wp-json\/wp\/v2\/types\/product"}],"wp:featuredmedia":[{"embeddable":true,"href":"https:\/\/letempsjadisauction.com\/nl\/wp-json\/wp\/v2\/media\/12595"}],"wp:attachment":[{"href":"https:\/\/letempsjadisauction.com\/nl\/wp-json\/wp\/v2\/media?parent=12616"}],"wp:term":[{"taxonomy":"online_sale","embeddable":true,"href":"https:\/\/letempsjadisauction.com\/nl\/wp-json\/wp\/v2\/online_sale?post=12616"},{"taxonomy":"product_brand","embeddable":true,"href":"https:\/\/letempsjadisauction.com\/nl\/wp-json\/wp\/v2\/product_brand?post=12616"},{"taxonomy":"product_cat","embeddable":true,"href":"https:\/\/letempsjadisauction.com\/nl\/wp-json\/wp\/v2\/product_cat?post=12616"},{"taxonomy":"product_tag","embeddable":true,"href":"https:\/\/letempsjadisauction.com\/nl\/wp-json\/wp\/v2\/product_tag?post=12616"}],"curies":[{"name":"wp","href":"https:\/\/api.w.org\/{rel}","templated":true}]}}