{"id":12628,"date":"2026-03-10T20:41:33","date_gmt":"2026-03-10T20:41:33","guid":{"rendered":"https:\/\/letempsjadisauction.com\/?post_type=product&#038;p=12628"},"modified":"2026-03-29T12:08:12","modified_gmt":"2026-03-29T12:08:12","slug":"5-gustave-camus-paysage-de-la-semois","status":"publish","type":"product","link":"https:\/\/letempsjadisauction.com\/nl\/veiling\/5-gustave-camus-paysage-de-la-semois\/","title":{"rendered":"5. Gustave Camus &#8211; Paysage de la Semois"},"content":{"rendered":"<p>Gustave Camus, Paysage de la Semois, huile sur panneau, 60 x 50 cm, 80 x 70 cm avec cadre.\u00a0 <span class=\"hover:entity-accent entity-underline inline cursor-pointer align-baseline\"><span class=\"whitespace-normal\">Gustave Camus<\/span><\/span> (1914\u20131984) est un peintre expressionniste belge n\u00e9 \u00e0 Ch\u00e2telet. Form\u00e9 au dessin localement, il \u00e9volue de l\u2019impressionnisme vers une peinture plus graphique inspir\u00e9e des paysages industriels wallons (terrils, ch\u00e2ssis \u00e0 molettes). Professeur puis directeur \u00e0 l\u2019Acad\u00e9mie des Beaux-Arts de Mons, il fut une figure importante de la d\u00e9fense de l\u2019art wallon et fut anobli baron en 1984.<\/p>","protected":false},"excerpt":{"rendered":"<p>Gustave Camus &#8211; Paysage de la Semois<\/p>","protected":false},"featured_media":12629,"template":"","meta":{"_acf_changed":false,"inline_featured_image":false},"online_sale":[72],"product_brand":[],"product_cat":[18],"product_tag":[],"class_list":{"0":"post-12628","1":"product","2":"type-product","3":"status-publish","4":"has-post-thumbnail","6":"online_sale-mars-2026","7":"product_cat-non-classe","9":"first","10":"instock","11":"shipping-taxable","12":"purchasable","13":"product-type-auction"},"acf":[],"_links":{"self":[{"href":"https:\/\/letempsjadisauction.com\/nl\/wp-json\/wp\/v2\/product\/12628","targetHints":{"allow":["GET"]}}],"collection":[{"href":"https:\/\/letempsjadisauction.com\/nl\/wp-json\/wp\/v2\/product"}],"about":[{"href":"https:\/\/letempsjadisauction.com\/nl\/wp-json\/wp\/v2\/types\/product"}],"wp:featuredmedia":[{"embeddable":true,"href":"https:\/\/letempsjadisauction.com\/nl\/wp-json\/wp\/v2\/media\/12629"}],"wp:attachment":[{"href":"https:\/\/letempsjadisauction.com\/nl\/wp-json\/wp\/v2\/media?parent=12628"}],"wp:term":[{"taxonomy":"online_sale","embeddable":true,"href":"https:\/\/letempsjadisauction.com\/nl\/wp-json\/wp\/v2\/online_sale?post=12628"},{"taxonomy":"product_brand","embeddable":true,"href":"https:\/\/letempsjadisauction.com\/nl\/wp-json\/wp\/v2\/product_brand?post=12628"},{"taxonomy":"product_cat","embeddable":true,"href":"https:\/\/letempsjadisauction.com\/nl\/wp-json\/wp\/v2\/product_cat?post=12628"},{"taxonomy":"product_tag","embeddable":true,"href":"https:\/\/letempsjadisauction.com\/nl\/wp-json\/wp\/v2\/product_tag?post=12628"}],"curies":[{"name":"wp","href":"https:\/\/api.w.org\/{rel}","templated":true}]}}