{"id":12659,"date":"2026-03-10T21:46:41","date_gmt":"2026-03-10T21:46:41","guid":{"rendered":"https:\/\/letempsjadisauction.com\/?post_type=product&#038;p=12659"},"modified":"2026-03-29T12:22:10","modified_gmt":"2026-03-29T12:22:10","slug":"12-porte-reliques-bois-sculpte-18e","status":"publish","type":"product","link":"https:\/\/letempsjadisauction.com\/nl\/enchere\/12-porte-reliques-bois-sculpte-18e\/","title":{"rendered":"12. Porte reliques bois sculpt\u00e9 18e"},"content":{"rendered":"<p>Imposant porte reliques flanqu\u00e9 de deux anges, bois sculpt\u00e9, 18e si\u00e8cle, 105 x 58 cm<\/p>","protected":false},"excerpt":{"rendered":"<p>Porte reliques bois sculpt\u00e9 18e<\/p>","protected":false},"featured_media":12671,"template":"","meta":{"_acf_changed":false,"inline_featured_image":false},"online_sale":[72],"product_brand":[],"product_cat":[18],"product_tag":[],"class_list":{"0":"post-12659","1":"product","2":"type-product","3":"status-publish","4":"has-post-thumbnail","6":"online_sale-mars-2026","7":"product_cat-non-classe","9":"first","10":"instock","11":"shipping-taxable","12":"purchasable","13":"product-type-auction"},"acf":[],"_links":{"self":[{"href":"https:\/\/letempsjadisauction.com\/nl\/wp-json\/wp\/v2\/product\/12659","targetHints":{"allow":["GET"]}}],"collection":[{"href":"https:\/\/letempsjadisauction.com\/nl\/wp-json\/wp\/v2\/product"}],"about":[{"href":"https:\/\/letempsjadisauction.com\/nl\/wp-json\/wp\/v2\/types\/product"}],"wp:featuredmedia":[{"embeddable":true,"href":"https:\/\/letempsjadisauction.com\/nl\/wp-json\/wp\/v2\/media\/12671"}],"wp:attachment":[{"href":"https:\/\/letempsjadisauction.com\/nl\/wp-json\/wp\/v2\/media?parent=12659"}],"wp:term":[{"taxonomy":"online_sale","embeddable":true,"href":"https:\/\/letempsjadisauction.com\/nl\/wp-json\/wp\/v2\/online_sale?post=12659"},{"taxonomy":"product_brand","embeddable":true,"href":"https:\/\/letempsjadisauction.com\/nl\/wp-json\/wp\/v2\/product_brand?post=12659"},{"taxonomy":"product_cat","embeddable":true,"href":"https:\/\/letempsjadisauction.com\/nl\/wp-json\/wp\/v2\/product_cat?post=12659"},{"taxonomy":"product_tag","embeddable":true,"href":"https:\/\/letempsjadisauction.com\/nl\/wp-json\/wp\/v2\/product_tag?post=12659"}],"curies":[{"name":"wp","href":"https:\/\/api.w.org\/{rel}","templated":true}]}}