{"id":12692,"date":"2026-03-11T06:40:50","date_gmt":"2026-03-11T06:40:50","guid":{"rendered":"https:\/\/letempsjadisauction.com\/?post_type=product&#038;p=12692"},"modified":"2026-03-29T12:34:06","modified_gmt":"2026-03-29T12:34:06","slug":"18-inde-divinite-haut-relief-en-bois-sculpte","status":"publish","type":"product","link":"https:\/\/letempsjadisauction.com\/nl\/veiling\/18-inde-divinite-haut-relief-en-bois-sculpte\/","title":{"rendered":"18. Inde, divinit\u00e9, Haut-relief en bois sculpt\u00e9"},"content":{"rendered":"<p>Inde, divinit\u00e9, Haut-relief en bois sculpt\u00e9, 34 x 10 x 7 cm, \u00e9tat\u00a0: manques<\/p>","protected":false},"excerpt":{"rendered":"<p>Inde, divinit\u00e9, Haut-relief en bois sculpt\u00e9<\/p>","protected":false},"featured_media":12700,"template":"","meta":{"_acf_changed":false,"inline_featured_image":false},"online_sale":[72],"product_brand":[],"product_cat":[18],"product_tag":[],"class_list":{"0":"post-12692","1":"product","2":"type-product","3":"status-publish","4":"has-post-thumbnail","6":"online_sale-mars-2026","7":"product_cat-non-classe","9":"first","10":"instock","11":"shipping-taxable","12":"purchasable","13":"product-type-auction"},"acf":[],"_links":{"self":[{"href":"https:\/\/letempsjadisauction.com\/nl\/wp-json\/wp\/v2\/product\/12692","targetHints":{"allow":["GET"]}}],"collection":[{"href":"https:\/\/letempsjadisauction.com\/nl\/wp-json\/wp\/v2\/product"}],"about":[{"href":"https:\/\/letempsjadisauction.com\/nl\/wp-json\/wp\/v2\/types\/product"}],"wp:featuredmedia":[{"embeddable":true,"href":"https:\/\/letempsjadisauction.com\/nl\/wp-json\/wp\/v2\/media\/12700"}],"wp:attachment":[{"href":"https:\/\/letempsjadisauction.com\/nl\/wp-json\/wp\/v2\/media?parent=12692"}],"wp:term":[{"taxonomy":"online_sale","embeddable":true,"href":"https:\/\/letempsjadisauction.com\/nl\/wp-json\/wp\/v2\/online_sale?post=12692"},{"taxonomy":"product_brand","embeddable":true,"href":"https:\/\/letempsjadisauction.com\/nl\/wp-json\/wp\/v2\/product_brand?post=12692"},{"taxonomy":"product_cat","embeddable":true,"href":"https:\/\/letempsjadisauction.com\/nl\/wp-json\/wp\/v2\/product_cat?post=12692"},{"taxonomy":"product_tag","embeddable":true,"href":"https:\/\/letempsjadisauction.com\/nl\/wp-json\/wp\/v2\/product_tag?post=12692"}],"curies":[{"name":"wp","href":"https:\/\/api.w.org\/{rel}","templated":true}]}}