{"id":12695,"date":"2026-03-15T12:17:22","date_gmt":"2026-03-15T12:17:22","guid":{"rendered":"https:\/\/letempsjadisauction.com\/?post_type=product&#038;p=12695"},"modified":"2026-03-29T12:40:02","modified_gmt":"2026-03-29T12:40:02","slug":"21-dans-le-gout-de-philippe-wolfers-1858-1929-boch-petit-vase-a-la-femme-nue-email-sang-de-boeuf-periode-art-nouveau-vers-1880-1900-115-x8-cm","status":"publish","type":"product","link":"https:\/\/letempsjadisauction.com\/nl\/veiling\/21-dans-le-gout-de-philippe-wolfers-1858-1929-boch-petit-vase-a-la-femme-nue-email-sang-de-boeuf-periode-art-nouveau-vers-1880-1900-115-x8-cm\/","title":{"rendered":"21. Dans le gout de Philippe Wolfers (1858-1929), Boch, petit vase \u00e0 la femme nue, \u00e9mail sang de boeuf, p\u00e9riode art nouveau vers 1880-1900, 11,5 x8 cm"},"content":{"rendered":"<p>Dans le gout de Philippe Wolfers (1858-1929), Boch, petit vase \u00e0 la femme nue<\/p>","protected":false},"excerpt":{"rendered":"<p>Dans le gout de Philippe Wolfers (1858-1929), Boch, petit vase \u00e0 la femme nue, \u00e9mail sang de boeuf, p\u00e9riode art nouveau vers 1880-1900, 11,5 x8 cm<\/p>","protected":false},"featured_media":13153,"template":"","meta":{"_acf_changed":false,"inline_featured_image":false},"online_sale":[72],"product_brand":[],"product_cat":[18],"product_tag":[],"class_list":{"0":"post-12695","1":"product","2":"type-product","3":"status-publish","4":"has-post-thumbnail","6":"online_sale-mars-2026","7":"product_cat-non-classe","9":"first","10":"instock","11":"shipping-taxable","12":"purchasable","13":"product-type-auction"},"acf":[],"_links":{"self":[{"href":"https:\/\/letempsjadisauction.com\/nl\/wp-json\/wp\/v2\/product\/12695","targetHints":{"allow":["GET"]}}],"collection":[{"href":"https:\/\/letempsjadisauction.com\/nl\/wp-json\/wp\/v2\/product"}],"about":[{"href":"https:\/\/letempsjadisauction.com\/nl\/wp-json\/wp\/v2\/types\/product"}],"wp:featuredmedia":[{"embeddable":true,"href":"https:\/\/letempsjadisauction.com\/nl\/wp-json\/wp\/v2\/media\/13153"}],"wp:attachment":[{"href":"https:\/\/letempsjadisauction.com\/nl\/wp-json\/wp\/v2\/media?parent=12695"}],"wp:term":[{"taxonomy":"online_sale","embeddable":true,"href":"https:\/\/letempsjadisauction.com\/nl\/wp-json\/wp\/v2\/online_sale?post=12695"},{"taxonomy":"product_brand","embeddable":true,"href":"https:\/\/letempsjadisauction.com\/nl\/wp-json\/wp\/v2\/product_brand?post=12695"},{"taxonomy":"product_cat","embeddable":true,"href":"https:\/\/letempsjadisauction.com\/nl\/wp-json\/wp\/v2\/product_cat?post=12695"},{"taxonomy":"product_tag","embeddable":true,"href":"https:\/\/letempsjadisauction.com\/nl\/wp-json\/wp\/v2\/product_tag?post=12695"}],"curies":[{"name":"wp","href":"https:\/\/api.w.org\/{rel}","templated":true}]}}