{"id":12727,"date":"2026-03-11T11:58:17","date_gmt":"2026-03-11T11:58:17","guid":{"rendered":"https:\/\/letempsjadisauction.com\/?post_type=product&#038;p=12727"},"modified":"2026-03-29T12:46:07","modified_gmt":"2026-03-29T12:46:07","slug":"24-henri-breard-1873-c-1939-scene-de-couture-pres-du-berceau","status":"publish","type":"product","link":"https:\/\/letempsjadisauction.com\/nl\/veiling\/24-henri-breard-1873-c-1939-scene-de-couture-pres-du-berceau\/","title":{"rendered":"24. Henri Br\u00e9ard (1873-c.1939), Sc\u00e8ne de couture pr\u00e8s du berceau"},"content":{"rendered":"<p>Henri Br\u00e9ard (1873-c.1939), Sc\u00e8ne de couture pr\u00e8s du berceau, huile sur toile, 73 x 92 cm, 84 x 105 cm avec cadre<\/p>","protected":false},"excerpt":{"rendered":"<p>Henri Br\u00e9ard (1873-c.1939), Sc\u00e8ne de couture pr\u00e8s du berceau<\/p>","protected":false},"featured_media":12795,"template":"","meta":{"_acf_changed":false,"inline_featured_image":false},"online_sale":[72],"product_brand":[],"product_cat":[18],"product_tag":[],"class_list":{"0":"post-12727","1":"product","2":"type-product","3":"status-publish","4":"has-post-thumbnail","6":"online_sale-mars-2026","7":"product_cat-non-classe","9":"first","10":"instock","11":"shipping-taxable","12":"purchasable","13":"product-type-auction"},"acf":[],"_links":{"self":[{"href":"https:\/\/letempsjadisauction.com\/nl\/wp-json\/wp\/v2\/product\/12727","targetHints":{"allow":["GET"]}}],"collection":[{"href":"https:\/\/letempsjadisauction.com\/nl\/wp-json\/wp\/v2\/product"}],"about":[{"href":"https:\/\/letempsjadisauction.com\/nl\/wp-json\/wp\/v2\/types\/product"}],"wp:featuredmedia":[{"embeddable":true,"href":"https:\/\/letempsjadisauction.com\/nl\/wp-json\/wp\/v2\/media\/12795"}],"wp:attachment":[{"href":"https:\/\/letempsjadisauction.com\/nl\/wp-json\/wp\/v2\/media?parent=12727"}],"wp:term":[{"taxonomy":"online_sale","embeddable":true,"href":"https:\/\/letempsjadisauction.com\/nl\/wp-json\/wp\/v2\/online_sale?post=12727"},{"taxonomy":"product_brand","embeddable":true,"href":"https:\/\/letempsjadisauction.com\/nl\/wp-json\/wp\/v2\/product_brand?post=12727"},{"taxonomy":"product_cat","embeddable":true,"href":"https:\/\/letempsjadisauction.com\/nl\/wp-json\/wp\/v2\/product_cat?post=12727"},{"taxonomy":"product_tag","embeddable":true,"href":"https:\/\/letempsjadisauction.com\/nl\/wp-json\/wp\/v2\/product_tag?post=12727"}],"curies":[{"name":"wp","href":"https:\/\/api.w.org\/{rel}","templated":true}]}}