{"id":12745,"date":"2026-03-11T11:51:38","date_gmt":"2026-03-11T11:51:38","guid":{"rendered":"https:\/\/letempsjadisauction.com\/?post_type=product&#038;p=12745"},"modified":"2026-03-29T13:22:02","modified_gmt":"2026-03-29T13:22:02","slug":"42-travail-francais-paire-de-lampes-a-petrole-montees-en-lampe","status":"publish","type":"product","link":"https:\/\/letempsjadisauction.com\/nl\/veiling\/42-travail-francais-paire-de-lampes-a-petrole-montees-en-lampe\/","title":{"rendered":"42. Travail fran\u00e7ais, Paire de lampes \u00e0 p\u00e9trole mont\u00e9es en lampe"},"content":{"rendered":"<p>Travail fran\u00e7ais, Paire de lampes \u00e0 p\u00e9trole mont\u00e9es en lampe, d\u00e9cors de deux portraits n\u00e9oclassiques, guirlandes de fleurs, et instruments de musique 54 cm<\/p>","protected":false},"excerpt":{"rendered":"<p>Travail fran\u00e7ais, Paire de lampes \u00e0 p\u00e9trole mont\u00e9es en lampe<\/p>","protected":false},"featured_media":12783,"template":"","meta":{"_acf_changed":false,"inline_featured_image":false},"online_sale":[72],"product_brand":[],"product_cat":[18],"product_tag":[],"class_list":{"0":"post-12745","1":"product","2":"type-product","3":"status-publish","4":"has-post-thumbnail","6":"online_sale-mars-2026","7":"product_cat-non-classe","9":"first","10":"instock","11":"shipping-taxable","12":"purchasable","13":"product-type-auction"},"acf":[],"_links":{"self":[{"href":"https:\/\/letempsjadisauction.com\/nl\/wp-json\/wp\/v2\/product\/12745","targetHints":{"allow":["GET"]}}],"collection":[{"href":"https:\/\/letempsjadisauction.com\/nl\/wp-json\/wp\/v2\/product"}],"about":[{"href":"https:\/\/letempsjadisauction.com\/nl\/wp-json\/wp\/v2\/types\/product"}],"wp:featuredmedia":[{"embeddable":true,"href":"https:\/\/letempsjadisauction.com\/nl\/wp-json\/wp\/v2\/media\/12783"}],"wp:attachment":[{"href":"https:\/\/letempsjadisauction.com\/nl\/wp-json\/wp\/v2\/media?parent=12745"}],"wp:term":[{"taxonomy":"online_sale","embeddable":true,"href":"https:\/\/letempsjadisauction.com\/nl\/wp-json\/wp\/v2\/online_sale?post=12745"},{"taxonomy":"product_brand","embeddable":true,"href":"https:\/\/letempsjadisauction.com\/nl\/wp-json\/wp\/v2\/product_brand?post=12745"},{"taxonomy":"product_cat","embeddable":true,"href":"https:\/\/letempsjadisauction.com\/nl\/wp-json\/wp\/v2\/product_cat?post=12745"},{"taxonomy":"product_tag","embeddable":true,"href":"https:\/\/letempsjadisauction.com\/nl\/wp-json\/wp\/v2\/product_tag?post=12745"}],"curies":[{"name":"wp","href":"https:\/\/api.w.org\/{rel}","templated":true}]}}