{"id":12746,"date":"2026-03-13T17:47:49","date_gmt":"2026-03-13T17:47:49","guid":{"rendered":"https:\/\/letempsjadisauction.com\/?post_type=product&#038;p=12746"},"modified":"2026-03-29T13:24:24","modified_gmt":"2026-03-29T13:24:24","slug":"43-jean-de-roncourt-1869-1937-le-bendeur","status":"publish","type":"product","link":"https:\/\/letempsjadisauction.com\/nl\/veiling\/43-jean-de-roncourt-1869-1937-le-bendeur\/","title":{"rendered":"43. Jean de Roncourt (1869-1937), le bendeur"},"content":{"rendered":"<p>Jean de Roncourt (1869-1937), le bendeur, bronze, sign\u00e9 \u00e0 l&rsquo;arri\u00e8re, 38 x 14 x 40 cm<\/p>","protected":false},"excerpt":{"rendered":"<p>Jean de Roncourt (1869-1937), le bendeur<\/p>","protected":false},"featured_media":13017,"template":"","meta":{"_acf_changed":false,"inline_featured_image":false},"online_sale":[72],"product_brand":[],"product_cat":[18],"product_tag":[],"class_list":{"0":"post-12746","1":"product","2":"type-product","3":"status-publish","4":"has-post-thumbnail","6":"online_sale-mars-2026","7":"product_cat-non-classe","9":"first","10":"instock","11":"shipping-taxable","12":"purchasable","13":"product-type-auction"},"acf":[],"_links":{"self":[{"href":"https:\/\/letempsjadisauction.com\/nl\/wp-json\/wp\/v2\/product\/12746","targetHints":{"allow":["GET"]}}],"collection":[{"href":"https:\/\/letempsjadisauction.com\/nl\/wp-json\/wp\/v2\/product"}],"about":[{"href":"https:\/\/letempsjadisauction.com\/nl\/wp-json\/wp\/v2\/types\/product"}],"wp:featuredmedia":[{"embeddable":true,"href":"https:\/\/letempsjadisauction.com\/nl\/wp-json\/wp\/v2\/media\/13017"}],"wp:attachment":[{"href":"https:\/\/letempsjadisauction.com\/nl\/wp-json\/wp\/v2\/media?parent=12746"}],"wp:term":[{"taxonomy":"online_sale","embeddable":true,"href":"https:\/\/letempsjadisauction.com\/nl\/wp-json\/wp\/v2\/online_sale?post=12746"},{"taxonomy":"product_brand","embeddable":true,"href":"https:\/\/letempsjadisauction.com\/nl\/wp-json\/wp\/v2\/product_brand?post=12746"},{"taxonomy":"product_cat","embeddable":true,"href":"https:\/\/letempsjadisauction.com\/nl\/wp-json\/wp\/v2\/product_cat?post=12746"},{"taxonomy":"product_tag","embeddable":true,"href":"https:\/\/letempsjadisauction.com\/nl\/wp-json\/wp\/v2\/product_tag?post=12746"}],"curies":[{"name":"wp","href":"https:\/\/api.w.org\/{rel}","templated":true}]}}