{"id":12750,"date":"2026-03-11T11:53:48","date_gmt":"2026-03-11T11:53:48","guid":{"rendered":"https:\/\/letempsjadisauction.com\/?post_type=product&#038;p=12750"},"modified":"2026-03-29T13:32:23","modified_gmt":"2026-03-29T13:32:23","slug":"47-chine-paire-dassiettes-celadon","status":"publish","type":"product","link":"https:\/\/letempsjadisauction.com\/nl\/veiling\/47-chine-paire-dassiettes-celadon\/","title":{"rendered":"47. Chine, paire d&rsquo;assiettes c\u00e9ladon"},"content":{"rendered":"<p>Chine, paire d&rsquo;assiettes c\u00e9ladon, 41 cm de diam\u00e8tre, \u00e9tat\u00a0: un \u00e9clat<\/p>","protected":false},"excerpt":{"rendered":"<p>Chine, paire d&rsquo;assiettes c\u00e9ladon<\/p>","protected":false},"featured_media":12792,"template":"","meta":{"_acf_changed":false,"inline_featured_image":false},"online_sale":[72],"product_brand":[],"product_cat":[18],"product_tag":[],"class_list":{"0":"post-12750","1":"product","2":"type-product","3":"status-publish","4":"has-post-thumbnail","6":"online_sale-mars-2026","7":"product_cat-non-classe","9":"first","10":"instock","11":"shipping-taxable","12":"purchasable","13":"product-type-auction"},"acf":[],"_links":{"self":[{"href":"https:\/\/letempsjadisauction.com\/nl\/wp-json\/wp\/v2\/product\/12750","targetHints":{"allow":["GET"]}}],"collection":[{"href":"https:\/\/letempsjadisauction.com\/nl\/wp-json\/wp\/v2\/product"}],"about":[{"href":"https:\/\/letempsjadisauction.com\/nl\/wp-json\/wp\/v2\/types\/product"}],"wp:featuredmedia":[{"embeddable":true,"href":"https:\/\/letempsjadisauction.com\/nl\/wp-json\/wp\/v2\/media\/12792"}],"wp:attachment":[{"href":"https:\/\/letempsjadisauction.com\/nl\/wp-json\/wp\/v2\/media?parent=12750"}],"wp:term":[{"taxonomy":"online_sale","embeddable":true,"href":"https:\/\/letempsjadisauction.com\/nl\/wp-json\/wp\/v2\/online_sale?post=12750"},{"taxonomy":"product_brand","embeddable":true,"href":"https:\/\/letempsjadisauction.com\/nl\/wp-json\/wp\/v2\/product_brand?post=12750"},{"taxonomy":"product_cat","embeddable":true,"href":"https:\/\/letempsjadisauction.com\/nl\/wp-json\/wp\/v2\/product_cat?post=12750"},{"taxonomy":"product_tag","embeddable":true,"href":"https:\/\/letempsjadisauction.com\/nl\/wp-json\/wp\/v2\/product_tag?post=12750"}],"curies":[{"name":"wp","href":"https:\/\/api.w.org\/{rel}","templated":true}]}}