{"id":12927,"date":"2026-03-12T21:12:00","date_gmt":"2026-03-12T21:12:00","guid":{"rendered":"https:\/\/letempsjadisauction.com\/?post_type=product&#038;p=12927"},"modified":"2026-03-29T14:40:16","modified_gmt":"2026-03-29T14:40:16","slug":"80-daum-nancy-coupe-coloree-a-decors-pastilles-dinsectes","status":"publish","type":"product","link":"https:\/\/letempsjadisauction.com\/nl\/veiling\/80-daum-nancy-coupe-coloree-a-decors-pastilles-dinsectes\/","title":{"rendered":"80. Daum Nancy, coupe color\u00e9e \u00e0 d\u00e9cors pastill\u00e9s d&rsquo;insectes"},"content":{"rendered":"<p>Daum Nancy, coupe color\u00e9e \u00e0 d\u00e9cors pastill\u00e9s d&rsquo;insectes, 21 x 9 cm<\/p>","protected":false},"excerpt":{"rendered":"<p>Daum Nancy, coupe color\u00e9e \u00e0 d\u00e9cors pastill\u00e9s d&rsquo;insectes<\/p>","protected":false},"featured_media":12966,"template":"","meta":{"_acf_changed":false,"inline_featured_image":false},"online_sale":[72],"product_brand":[],"product_cat":[18],"product_tag":[],"class_list":{"0":"post-12927","1":"product","2":"type-product","3":"status-publish","4":"has-post-thumbnail","6":"online_sale-mars-2026","7":"product_cat-non-classe","9":"first","10":"instock","11":"shipping-taxable","12":"purchasable","13":"product-type-auction"},"acf":[],"_links":{"self":[{"href":"https:\/\/letempsjadisauction.com\/nl\/wp-json\/wp\/v2\/product\/12927","targetHints":{"allow":["GET"]}}],"collection":[{"href":"https:\/\/letempsjadisauction.com\/nl\/wp-json\/wp\/v2\/product"}],"about":[{"href":"https:\/\/letempsjadisauction.com\/nl\/wp-json\/wp\/v2\/types\/product"}],"wp:featuredmedia":[{"embeddable":true,"href":"https:\/\/letempsjadisauction.com\/nl\/wp-json\/wp\/v2\/media\/12966"}],"wp:attachment":[{"href":"https:\/\/letempsjadisauction.com\/nl\/wp-json\/wp\/v2\/media?parent=12927"}],"wp:term":[{"taxonomy":"online_sale","embeddable":true,"href":"https:\/\/letempsjadisauction.com\/nl\/wp-json\/wp\/v2\/online_sale?post=12927"},{"taxonomy":"product_brand","embeddable":true,"href":"https:\/\/letempsjadisauction.com\/nl\/wp-json\/wp\/v2\/product_brand?post=12927"},{"taxonomy":"product_cat","embeddable":true,"href":"https:\/\/letempsjadisauction.com\/nl\/wp-json\/wp\/v2\/product_cat?post=12927"},{"taxonomy":"product_tag","embeddable":true,"href":"https:\/\/letempsjadisauction.com\/nl\/wp-json\/wp\/v2\/product_tag?post=12927"}],"curies":[{"name":"wp","href":"https:\/\/api.w.org\/{rel}","templated":true}]}}