{"id":12942,"date":"2026-03-12T21:01:37","date_gmt":"2026-03-12T21:01:37","guid":{"rendered":"https:\/\/letempsjadisauction.com\/?post_type=product&#038;p=12942"},"modified":"2026-03-29T15:10:01","modified_gmt":"2026-03-29T15:10:01","slug":"95-maison-bagues-paire-detageres-bout-de-canape-en-bronze-et-miroirs","status":"publish","type":"product","link":"https:\/\/letempsjadisauction.com\/nl\/veiling\/95-maison-bagues-paire-detageres-bout-de-canape-en-bronze-et-miroirs\/","title":{"rendered":"95. Maison Bagu\u00e8s, paire d&rsquo;\u00e9tag\u00e8res, bout de canap\u00e9, en bronze et miroirs"},"content":{"rendered":"<p>Maison Bagu\u00e8s, paire d&rsquo;\u00e9tag\u00e8res, bout de canap\u00e9, en bronze et miroirs , vers 1950-1970, 50 x 25 x 54 cm<\/p>","protected":false},"excerpt":{"rendered":"<p>Maison Bagu\u00e8s, paire d&rsquo;\u00e9tag\u00e8res, bout de canap\u00e9, en bronze et miroirs<\/p>","protected":false},"featured_media":12960,"template":"","meta":{"_acf_changed":false,"inline_featured_image":false},"online_sale":[72],"product_brand":[],"product_cat":[18],"product_tag":[],"class_list":{"0":"post-12942","1":"product","2":"type-product","3":"status-publish","4":"has-post-thumbnail","6":"online_sale-mars-2026","7":"product_cat-non-classe","9":"first","10":"instock","11":"shipping-taxable","12":"purchasable","13":"product-type-auction"},"acf":[],"_links":{"self":[{"href":"https:\/\/letempsjadisauction.com\/nl\/wp-json\/wp\/v2\/product\/12942","targetHints":{"allow":["GET"]}}],"collection":[{"href":"https:\/\/letempsjadisauction.com\/nl\/wp-json\/wp\/v2\/product"}],"about":[{"href":"https:\/\/letempsjadisauction.com\/nl\/wp-json\/wp\/v2\/types\/product"}],"wp:featuredmedia":[{"embeddable":true,"href":"https:\/\/letempsjadisauction.com\/nl\/wp-json\/wp\/v2\/media\/12960"}],"wp:attachment":[{"href":"https:\/\/letempsjadisauction.com\/nl\/wp-json\/wp\/v2\/media?parent=12942"}],"wp:term":[{"taxonomy":"online_sale","embeddable":true,"href":"https:\/\/letempsjadisauction.com\/nl\/wp-json\/wp\/v2\/online_sale?post=12942"},{"taxonomy":"product_brand","embeddable":true,"href":"https:\/\/letempsjadisauction.com\/nl\/wp-json\/wp\/v2\/product_brand?post=12942"},{"taxonomy":"product_cat","embeddable":true,"href":"https:\/\/letempsjadisauction.com\/nl\/wp-json\/wp\/v2\/product_cat?post=12942"},{"taxonomy":"product_tag","embeddable":true,"href":"https:\/\/letempsjadisauction.com\/nl\/wp-json\/wp\/v2\/product_tag?post=12942"}],"curies":[{"name":"wp","href":"https:\/\/api.w.org\/{rel}","templated":true}]}}