{"id":13054,"date":"2026-03-15T10:11:49","date_gmt":"2026-03-15T10:11:49","guid":{"rendered":"https:\/\/letempsjadisauction.com\/?post_type=product&#038;p=13054"},"modified":"2026-03-29T19:16:37","modified_gmt":"2026-03-29T19:16:37","slug":"196-leonard-misonne-1870-1943-chemin-borde-de-roulottes","status":"publish","type":"product","link":"https:\/\/letempsjadisauction.com\/nl\/veiling\/196-leonard-misonne-1870-1943-chemin-borde-de-roulottes\/","title":{"rendered":"196. Leonard Misonne (1870-1943), chemin bord\u00e9 de roulottes"},"content":{"rendered":"<p>Leonard Misonne (1870-1943), chemin bord\u00e9 de roulottes, photographie, sign\u00e9e et dat\u00e9e 1936, 42 x 32 cm<\/p>","protected":false},"excerpt":{"rendered":"<p>Leonard Misonne (1870-1943), chemin bord\u00e9 de roulottes<\/p>","protected":false},"featured_media":13076,"template":"","meta":{"_acf_changed":false,"inline_featured_image":false},"online_sale":[72],"product_brand":[],"product_cat":[18],"product_tag":[],"class_list":{"0":"post-13054","1":"product","2":"type-product","3":"status-publish","4":"has-post-thumbnail","6":"online_sale-mars-2026","7":"product_cat-non-classe","9":"first","10":"outofstock","11":"shipping-taxable","12":"purchasable","13":"product-type-auction"},"acf":[],"_links":{"self":[{"href":"https:\/\/letempsjadisauction.com\/nl\/wp-json\/wp\/v2\/product\/13054","targetHints":{"allow":["GET"]}}],"collection":[{"href":"https:\/\/letempsjadisauction.com\/nl\/wp-json\/wp\/v2\/product"}],"about":[{"href":"https:\/\/letempsjadisauction.com\/nl\/wp-json\/wp\/v2\/types\/product"}],"wp:featuredmedia":[{"embeddable":true,"href":"https:\/\/letempsjadisauction.com\/nl\/wp-json\/wp\/v2\/media\/13076"}],"wp:attachment":[{"href":"https:\/\/letempsjadisauction.com\/nl\/wp-json\/wp\/v2\/media?parent=13054"}],"wp:term":[{"taxonomy":"online_sale","embeddable":true,"href":"https:\/\/letempsjadisauction.com\/nl\/wp-json\/wp\/v2\/online_sale?post=13054"},{"taxonomy":"product_brand","embeddable":true,"href":"https:\/\/letempsjadisauction.com\/nl\/wp-json\/wp\/v2\/product_brand?post=13054"},{"taxonomy":"product_cat","embeddable":true,"href":"https:\/\/letempsjadisauction.com\/nl\/wp-json\/wp\/v2\/product_cat?post=13054"},{"taxonomy":"product_tag","embeddable":true,"href":"https:\/\/letempsjadisauction.com\/nl\/wp-json\/wp\/v2\/product_tag?post=13054"}],"curies":[{"name":"wp","href":"https:\/\/api.w.org\/{rel}","templated":true}]}}