{"id":13091,"date":"2026-03-15T10:55:16","date_gmt":"2026-03-15T10:55:16","guid":{"rendered":"https:\/\/letempsjadisauction.com\/?post_type=product&#038;p=13091"},"modified":"2026-03-30T06:08:32","modified_gmt":"2026-03-30T06:08:32","slug":"114-cadre-dore-19eme","status":"publish","type":"product","link":"https:\/\/letempsjadisauction.com\/nl\/veiling\/114-cadre-dore-19eme\/","title":{"rendered":"114. Cadre dor\u00e9 19eme"},"content":{"rendered":"<p>Cadre dor\u00e9 19eme , 34 x 28 cm int\u00e9rieur, 47 x 40 cm ext\u00e9rieur<\/p>","protected":false},"excerpt":{"rendered":"<p>Cadre dor\u00e9 19eme<\/p>","protected":false},"featured_media":13110,"template":"","meta":{"_acf_changed":false,"inline_featured_image":false},"online_sale":[72],"product_brand":[],"product_cat":[18],"product_tag":[],"class_list":{"0":"post-13091","1":"product","2":"type-product","3":"status-publish","4":"has-post-thumbnail","6":"online_sale-mars-2026","7":"product_cat-non-classe","9":"first","10":"outofstock","11":"shipping-taxable","12":"purchasable","13":"product-type-auction"},"acf":[],"_links":{"self":[{"href":"https:\/\/letempsjadisauction.com\/nl\/wp-json\/wp\/v2\/product\/13091","targetHints":{"allow":["GET"]}}],"collection":[{"href":"https:\/\/letempsjadisauction.com\/nl\/wp-json\/wp\/v2\/product"}],"about":[{"href":"https:\/\/letempsjadisauction.com\/nl\/wp-json\/wp\/v2\/types\/product"}],"wp:featuredmedia":[{"embeddable":true,"href":"https:\/\/letempsjadisauction.com\/nl\/wp-json\/wp\/v2\/media\/13110"}],"wp:attachment":[{"href":"https:\/\/letempsjadisauction.com\/nl\/wp-json\/wp\/v2\/media?parent=13091"}],"wp:term":[{"taxonomy":"online_sale","embeddable":true,"href":"https:\/\/letempsjadisauction.com\/nl\/wp-json\/wp\/v2\/online_sale?post=13091"},{"taxonomy":"product_brand","embeddable":true,"href":"https:\/\/letempsjadisauction.com\/nl\/wp-json\/wp\/v2\/product_brand?post=13091"},{"taxonomy":"product_cat","embeddable":true,"href":"https:\/\/letempsjadisauction.com\/nl\/wp-json\/wp\/v2\/product_cat?post=13091"},{"taxonomy":"product_tag","embeddable":true,"href":"https:\/\/letempsjadisauction.com\/nl\/wp-json\/wp\/v2\/product_tag?post=13091"}],"curies":[{"name":"wp","href":"https:\/\/api.w.org\/{rel}","templated":true}]}}