{"id":13104,"date":"2026-03-15T18:11:06","date_gmt":"2026-03-15T18:11:06","guid":{"rendered":"https:\/\/letempsjadisauction.com\/?post_type=product&#038;p=13104"},"modified":"2026-03-29T15:14:09","modified_gmt":"2026-03-29T15:14:09","slug":"127-service-a-cafe-porcelaine","status":"publish","type":"product","link":"https:\/\/letempsjadisauction.com\/nl\/veiling\/127-service-a-cafe-porcelaine\/","title":{"rendered":"127. Service \u00e0 caf\u00e9, porcelaine"},"content":{"rendered":"<p>Service \u00e0 caf\u00e9, porcelaine, Hauteur max 29 cm<\/p>","protected":false},"excerpt":{"rendered":"<p>Service \u00e0 caf\u00e9, porcelaine<\/p>","protected":false},"featured_media":12258,"template":"","meta":{"_acf_changed":false,"inline_featured_image":false},"online_sale":[72],"product_brand":[],"product_cat":[18],"product_tag":[],"class_list":{"0":"post-13104","1":"product","2":"type-product","3":"status-publish","4":"has-post-thumbnail","6":"online_sale-mars-2026","7":"product_cat-non-classe","9":"first","10":"instock","11":"shipping-taxable","12":"purchasable","13":"product-type-auction"},"acf":[],"_links":{"self":[{"href":"https:\/\/letempsjadisauction.com\/nl\/wp-json\/wp\/v2\/product\/13104","targetHints":{"allow":["GET"]}}],"collection":[{"href":"https:\/\/letempsjadisauction.com\/nl\/wp-json\/wp\/v2\/product"}],"about":[{"href":"https:\/\/letempsjadisauction.com\/nl\/wp-json\/wp\/v2\/types\/product"}],"wp:featuredmedia":[{"embeddable":true,"href":"https:\/\/letempsjadisauction.com\/nl\/wp-json\/wp\/v2\/media\/12258"}],"wp:attachment":[{"href":"https:\/\/letempsjadisauction.com\/nl\/wp-json\/wp\/v2\/media?parent=13104"}],"wp:term":[{"taxonomy":"online_sale","embeddable":true,"href":"https:\/\/letempsjadisauction.com\/nl\/wp-json\/wp\/v2\/online_sale?post=13104"},{"taxonomy":"product_brand","embeddable":true,"href":"https:\/\/letempsjadisauction.com\/nl\/wp-json\/wp\/v2\/product_brand?post=13104"},{"taxonomy":"product_cat","embeddable":true,"href":"https:\/\/letempsjadisauction.com\/nl\/wp-json\/wp\/v2\/product_cat?post=13104"},{"taxonomy":"product_tag","embeddable":true,"href":"https:\/\/letempsjadisauction.com\/nl\/wp-json\/wp\/v2\/product_tag?post=13104"}],"curies":[{"name":"wp","href":"https:\/\/api.w.org\/{rel}","templated":true}]}}