{"id":13245,"date":"2026-03-18T21:15:22","date_gmt":"2026-03-18T21:15:22","guid":{"rendered":"https:\/\/letempsjadisauction.com\/?post_type=product&#038;p=13245"},"modified":"2026-03-29T18:38:02","modified_gmt":"2026-03-29T18:38:02","slug":"159-faience-de-bruxelles-ensemble-de-trois-figures-allegoriques","status":"publish","type":"product","link":"https:\/\/letempsjadisauction.com\/nl\/veiling\/159-faience-de-bruxelles-ensemble-de-trois-figures-allegoriques\/","title":{"rendered":"159. Faience de Bruxelles, ensemble de trois figures all\u00e9goriques"},"content":{"rendered":"<p>Faience de Bruxelles, ensemble de trois figures all\u00e9goriques, 18e si\u00e8cle, fa\u00efence polychrome, marque IK au cobalt sous la base, H. 25 cm<\/p>","protected":false},"excerpt":{"rendered":"<p>Faience de Bruxelles, ensemble de trois figures all\u00e9goriques<\/p>","protected":false},"featured_media":13282,"template":"","meta":{"_acf_changed":false,"inline_featured_image":false},"online_sale":[72],"product_brand":[],"product_cat":[18],"product_tag":[],"class_list":{"0":"post-13245","1":"product","2":"type-product","3":"status-publish","4":"has-post-thumbnail","6":"online_sale-mars-2026","7":"product_cat-non-classe","9":"first","10":"instock","11":"shipping-taxable","12":"purchasable","13":"product-type-auction"},"acf":[],"_links":{"self":[{"href":"https:\/\/letempsjadisauction.com\/nl\/wp-json\/wp\/v2\/product\/13245","targetHints":{"allow":["GET"]}}],"collection":[{"href":"https:\/\/letempsjadisauction.com\/nl\/wp-json\/wp\/v2\/product"}],"about":[{"href":"https:\/\/letempsjadisauction.com\/nl\/wp-json\/wp\/v2\/types\/product"}],"wp:featuredmedia":[{"embeddable":true,"href":"https:\/\/letempsjadisauction.com\/nl\/wp-json\/wp\/v2\/media\/13282"}],"wp:attachment":[{"href":"https:\/\/letempsjadisauction.com\/nl\/wp-json\/wp\/v2\/media?parent=13245"}],"wp:term":[{"taxonomy":"online_sale","embeddable":true,"href":"https:\/\/letempsjadisauction.com\/nl\/wp-json\/wp\/v2\/online_sale?post=13245"},{"taxonomy":"product_brand","embeddable":true,"href":"https:\/\/letempsjadisauction.com\/nl\/wp-json\/wp\/v2\/product_brand?post=13245"},{"taxonomy":"product_cat","embeddable":true,"href":"https:\/\/letempsjadisauction.com\/nl\/wp-json\/wp\/v2\/product_cat?post=13245"},{"taxonomy":"product_tag","embeddable":true,"href":"https:\/\/letempsjadisauction.com\/nl\/wp-json\/wp\/v2\/product_tag?post=13245"}],"curies":[{"name":"wp","href":"https:\/\/api.w.org\/{rel}","templated":true}]}}