{"id":13251,"date":"2026-03-19T18:04:52","date_gmt":"2026-03-19T18:04:52","guid":{"rendered":"https:\/\/letempsjadisauction.com\/?post_type=product&#038;p=13251"},"modified":"2026-04-02T05:50:27","modified_gmt":"2026-04-02T05:50:27","slug":"172-porcelaine-de-tournai-ensemble-de-40-assiettes-decors-a-lepi","status":"publish","type":"product","link":"https:\/\/letempsjadisauction.com\/nl\/veiling\/172-porcelaine-de-tournai-ensemble-de-40-assiettes-decors-a-lepi\/","title":{"rendered":"172. Porcelaine de Tournai, ensemble de 40 assiettes d\u00e9cors \u00e0 l&rsquo;\u00e9pi"},"content":{"rendered":"<p>Porcelaine de Tournai, ensemble de 40 assiettes d\u00e9cors \u00e0 l&rsquo;\u00e9pi<\/p>","protected":false},"excerpt":{"rendered":"<p>Porcelaine de Tournai, ensemble de 40 assiettes d\u00e9cors \u00e0 l&rsquo;\u00e9pi<\/p>","protected":false},"featured_media":13334,"template":"","meta":{"_acf_changed":false,"inline_featured_image":false},"online_sale":[72],"product_brand":[],"product_cat":[18],"product_tag":[],"class_list":{"0":"post-13251","1":"product","2":"type-product","3":"status-publish","4":"has-post-thumbnail","6":"online_sale-mars-2026","7":"product_cat-non-classe","9":"first","10":"outofstock","11":"shipping-taxable","12":"purchasable","13":"product-type-auction"},"acf":[],"_links":{"self":[{"href":"https:\/\/letempsjadisauction.com\/nl\/wp-json\/wp\/v2\/product\/13251","targetHints":{"allow":["GET"]}}],"collection":[{"href":"https:\/\/letempsjadisauction.com\/nl\/wp-json\/wp\/v2\/product"}],"about":[{"href":"https:\/\/letempsjadisauction.com\/nl\/wp-json\/wp\/v2\/types\/product"}],"wp:featuredmedia":[{"embeddable":true,"href":"https:\/\/letempsjadisauction.com\/nl\/wp-json\/wp\/v2\/media\/13334"}],"wp:attachment":[{"href":"https:\/\/letempsjadisauction.com\/nl\/wp-json\/wp\/v2\/media?parent=13251"}],"wp:term":[{"taxonomy":"online_sale","embeddable":true,"href":"https:\/\/letempsjadisauction.com\/nl\/wp-json\/wp\/v2\/online_sale?post=13251"},{"taxonomy":"product_brand","embeddable":true,"href":"https:\/\/letempsjadisauction.com\/nl\/wp-json\/wp\/v2\/product_brand?post=13251"},{"taxonomy":"product_cat","embeddable":true,"href":"https:\/\/letempsjadisauction.com\/nl\/wp-json\/wp\/v2\/product_cat?post=13251"},{"taxonomy":"product_tag","embeddable":true,"href":"https:\/\/letempsjadisauction.com\/nl\/wp-json\/wp\/v2\/product_tag?post=13251"}],"curies":[{"name":"wp","href":"https:\/\/api.w.org\/{rel}","templated":true}]}}