{"id":4381,"date":"2025-06-08T17:48:49","date_gmt":"2025-06-08T17:48:49","guid":{"rendered":"https:\/\/letempsjadisauction.com\/?post_type=product&#038;p=4381"},"modified":"2025-06-22T19:33:11","modified_gmt":"2025-06-22T19:33:11","slug":"300-charmes-vins-selectionnes-2-faces","status":"publish","type":"product","link":"https:\/\/letempsjadisauction.com\/nl\/veiling\/300-charmes-vins-selectionnes-2-faces\/","title":{"rendered":"300 Charmes vins s\u00e9lectionn\u00e9s 2 Faces"},"content":{"rendered":"<p>Charmes vins s\u00e9lectionn\u00e9s 2 Faces  50&#215;70 cm<\/p>","protected":false},"excerpt":{"rendered":"<p>Charmes vins s\u00e9lectionn\u00e9s 2 Faces  50&#215;70 cm<\/p>","protected":false},"featured_media":2778,"template":"","meta":{"_acf_changed":false,"inline_featured_image":false},"online_sale":[55],"product_brand":[],"product_cat":[18],"product_tag":[],"class_list":{"0":"post-4381","1":"product","2":"type-product","3":"status-publish","4":"has-post-thumbnail","6":"online_sale-juin-2025","7":"product_cat-non-classe","9":"first","10":"instock","11":"shipping-taxable","12":"purchasable","13":"product-type-auction"},"acf":[],"_links":{"self":[{"href":"https:\/\/letempsjadisauction.com\/nl\/wp-json\/wp\/v2\/product\/4381","targetHints":{"allow":["GET"]}}],"collection":[{"href":"https:\/\/letempsjadisauction.com\/nl\/wp-json\/wp\/v2\/product"}],"about":[{"href":"https:\/\/letempsjadisauction.com\/nl\/wp-json\/wp\/v2\/types\/product"}],"wp:featuredmedia":[{"embeddable":true,"href":"https:\/\/letempsjadisauction.com\/nl\/wp-json\/wp\/v2\/media\/2778"}],"wp:attachment":[{"href":"https:\/\/letempsjadisauction.com\/nl\/wp-json\/wp\/v2\/media?parent=4381"}],"wp:term":[{"taxonomy":"online_sale","embeddable":true,"href":"https:\/\/letempsjadisauction.com\/nl\/wp-json\/wp\/v2\/online_sale?post=4381"},{"taxonomy":"product_brand","embeddable":true,"href":"https:\/\/letempsjadisauction.com\/nl\/wp-json\/wp\/v2\/product_brand?post=4381"},{"taxonomy":"product_cat","embeddable":true,"href":"https:\/\/letempsjadisauction.com\/nl\/wp-json\/wp\/v2\/product_cat?post=4381"},{"taxonomy":"product_tag","embeddable":true,"href":"https:\/\/letempsjadisauction.com\/nl\/wp-json\/wp\/v2\/product_tag?post=4381"}],"curies":[{"name":"wp","href":"https:\/\/api.w.org\/{rel}","templated":true}]}}