{"id":5150,"date":"2025-06-09T19:36:29","date_gmt":"2025-06-09T19:36:29","guid":{"rendered":"https:\/\/letempsjadisauction.com\/?post_type=product&#038;p=5150"},"modified":"2025-07-01T08:32:38","modified_gmt":"2025-07-01T08:32:38","slug":"1-georges-frederic-procession-devant-leglise-de-zuienkerke","status":"publish","type":"product","link":"https:\/\/letempsjadisauction.com\/nl\/veiling\/1-georges-frederic-procession-devant-leglise-de-zuienkerke\/","title":{"rendered":"1 Georges Fr\u00e9d\u00e9ric \u2013 Procession devant l&rsquo;\u00e9glise de Zuienkerke"},"content":{"rendered":"<p>Georges Fr\u00e9d\u00e9ric (1900-1981), procession devant l&rsquo;\u00e9glise de Zuienkerke, peinture \u00e0 l&rsquo;huile sur panneaux en bois assembl\u00e9s en triptyque, 91 x 71 cm, titr\u00e9 \u00e0 l&rsquo;arri\u00e8re et \u00e9tiquette palais des Beaux-Arts de Bruxelles<\/p>","protected":false},"excerpt":{"rendered":"<p>Georges Fr\u00e9d\u00e9ric \u2013 Procession devant l&rsquo;\u00e9glise de Zuienkerke<\/p>","protected":false},"featured_media":4470,"template":"","meta":{"_acf_changed":false,"inline_featured_image":false},"online_sale":[55],"product_brand":[],"product_cat":[18],"product_tag":[],"class_list":{"0":"post-5150","1":"product","2":"type-product","3":"status-publish","4":"has-post-thumbnail","6":"online_sale-juin-2025","7":"product_cat-non-classe","9":"first","10":"instock","11":"shipping-taxable","12":"purchasable","13":"product-type-auction"},"acf":[],"_links":{"self":[{"href":"https:\/\/letempsjadisauction.com\/nl\/wp-json\/wp\/v2\/product\/5150","targetHints":{"allow":["GET"]}}],"collection":[{"href":"https:\/\/letempsjadisauction.com\/nl\/wp-json\/wp\/v2\/product"}],"about":[{"href":"https:\/\/letempsjadisauction.com\/nl\/wp-json\/wp\/v2\/types\/product"}],"wp:featuredmedia":[{"embeddable":true,"href":"https:\/\/letempsjadisauction.com\/nl\/wp-json\/wp\/v2\/media\/4470"}],"wp:attachment":[{"href":"https:\/\/letempsjadisauction.com\/nl\/wp-json\/wp\/v2\/media?parent=5150"}],"wp:term":[{"taxonomy":"online_sale","embeddable":true,"href":"https:\/\/letempsjadisauction.com\/nl\/wp-json\/wp\/v2\/online_sale?post=5150"},{"taxonomy":"product_brand","embeddable":true,"href":"https:\/\/letempsjadisauction.com\/nl\/wp-json\/wp\/v2\/product_brand?post=5150"},{"taxonomy":"product_cat","embeddable":true,"href":"https:\/\/letempsjadisauction.com\/nl\/wp-json\/wp\/v2\/product_cat?post=5150"},{"taxonomy":"product_tag","embeddable":true,"href":"https:\/\/letempsjadisauction.com\/nl\/wp-json\/wp\/v2\/product_tag?post=5150"}],"curies":[{"name":"wp","href":"https:\/\/api.w.org\/{rel}","templated":true}]}}