{"id":5151,"date":"2025-06-09T19:36:28","date_gmt":"2025-06-09T19:36:28","guid":{"rendered":"https:\/\/letempsjadisauction.com\/?post_type=product&#038;p=5151"},"modified":"2025-06-09T19:36:28","modified_gmt":"2025-06-09T19:36:28","slug":"2-corneille-wanda","status":"publish","type":"product","link":"https:\/\/letempsjadisauction.com\/nl\/veiling\/2-corneille-wanda\/","title":{"rendered":"2 Corneille \u2013 Wanda"},"content":{"rendered":"<p>Corneille (1922-2010), Wanda, dessin au s\u00e9pia aquarelle sur papier, sign\u00e9 et dat\u00e9 Corneille 1945, 20 x 26 cm \u00e0 vue, 40 x 34 cm avec cadre, non d\u00e9cadr\u00e9, cachet d&rsquo;atelier Corneille reproduction interdite. Certificat de la fondation.<\/p>","protected":false},"excerpt":{"rendered":"<p>Corneille \u2013 Wanda<\/p>","protected":false},"featured_media":4476,"template":"","meta":{"_acf_changed":false,"inline_featured_image":false},"online_sale":[55],"product_brand":[],"product_cat":[18],"product_tag":[],"class_list":{"0":"post-5151","1":"product","2":"type-product","3":"status-publish","4":"has-post-thumbnail","6":"online_sale-juin-2025","7":"product_cat-non-classe","9":"first","10":"instock","11":"shipping-taxable","12":"purchasable","13":"product-type-auction"},"acf":[],"_links":{"self":[{"href":"https:\/\/letempsjadisauction.com\/nl\/wp-json\/wp\/v2\/product\/5151","targetHints":{"allow":["GET"]}}],"collection":[{"href":"https:\/\/letempsjadisauction.com\/nl\/wp-json\/wp\/v2\/product"}],"about":[{"href":"https:\/\/letempsjadisauction.com\/nl\/wp-json\/wp\/v2\/types\/product"}],"wp:featuredmedia":[{"embeddable":true,"href":"https:\/\/letempsjadisauction.com\/nl\/wp-json\/wp\/v2\/media\/4476"}],"wp:attachment":[{"href":"https:\/\/letempsjadisauction.com\/nl\/wp-json\/wp\/v2\/media?parent=5151"}],"wp:term":[{"taxonomy":"online_sale","embeddable":true,"href":"https:\/\/letempsjadisauction.com\/nl\/wp-json\/wp\/v2\/online_sale?post=5151"},{"taxonomy":"product_brand","embeddable":true,"href":"https:\/\/letempsjadisauction.com\/nl\/wp-json\/wp\/v2\/product_brand?post=5151"},{"taxonomy":"product_cat","embeddable":true,"href":"https:\/\/letempsjadisauction.com\/nl\/wp-json\/wp\/v2\/product_cat?post=5151"},{"taxonomy":"product_tag","embeddable":true,"href":"https:\/\/letempsjadisauction.com\/nl\/wp-json\/wp\/v2\/product_tag?post=5151"}],"curies":[{"name":"wp","href":"https:\/\/api.w.org\/{rel}","templated":true}]}}