{"id":5155,"date":"2025-06-09T19:36:28","date_gmt":"2025-06-09T19:36:28","guid":{"rendered":"https:\/\/letempsjadisauction.com\/?post_type=product&#038;p=5155"},"modified":"2025-07-01T08:24:48","modified_gmt":"2025-07-01T08:24:48","slug":"6-anonyme-portrait-dancetre","status":"publish","type":"product","link":"https:\/\/letempsjadisauction.com\/nl\/veiling\/6-anonyme-portrait-dancetre\/","title":{"rendered":"6 Anonyme \u2013 Portrait d\u2019anc\u00eatre"},"content":{"rendered":"<p>Anonyme, portrait d&rsquo;ancetre, peinture \u00e0 l&rsquo;huile sur toile, 19e si\u00e8cle, 70 x 90 cm, 80 x 100 cm avec cadre, anciennes restaurations<\/p>","protected":false},"excerpt":{"rendered":"<p>Anonyme \u2013 Portrait d\u2019anc\u00eatre<\/p>","protected":false},"featured_media":4495,"template":"","meta":{"_acf_changed":false,"inline_featured_image":false},"online_sale":[55],"product_brand":[],"product_cat":[18],"product_tag":[],"class_list":{"0":"post-5155","1":"product","2":"type-product","3":"status-publish","4":"has-post-thumbnail","6":"online_sale-juin-2025","7":"product_cat-non-classe","9":"first","10":"outofstock","11":"shipping-taxable","12":"purchasable","13":"product-type-auction"},"acf":[],"_links":{"self":[{"href":"https:\/\/letempsjadisauction.com\/nl\/wp-json\/wp\/v2\/product\/5155","targetHints":{"allow":["GET"]}}],"collection":[{"href":"https:\/\/letempsjadisauction.com\/nl\/wp-json\/wp\/v2\/product"}],"about":[{"href":"https:\/\/letempsjadisauction.com\/nl\/wp-json\/wp\/v2\/types\/product"}],"wp:featuredmedia":[{"embeddable":true,"href":"https:\/\/letempsjadisauction.com\/nl\/wp-json\/wp\/v2\/media\/4495"}],"wp:attachment":[{"href":"https:\/\/letempsjadisauction.com\/nl\/wp-json\/wp\/v2\/media?parent=5155"}],"wp:term":[{"taxonomy":"online_sale","embeddable":true,"href":"https:\/\/letempsjadisauction.com\/nl\/wp-json\/wp\/v2\/online_sale?post=5155"},{"taxonomy":"product_brand","embeddable":true,"href":"https:\/\/letempsjadisauction.com\/nl\/wp-json\/wp\/v2\/product_brand?post=5155"},{"taxonomy":"product_cat","embeddable":true,"href":"https:\/\/letempsjadisauction.com\/nl\/wp-json\/wp\/v2\/product_cat?post=5155"},{"taxonomy":"product_tag","embeddable":true,"href":"https:\/\/letempsjadisauction.com\/nl\/wp-json\/wp\/v2\/product_tag?post=5155"}],"curies":[{"name":"wp","href":"https:\/\/api.w.org\/{rel}","templated":true}]}}