{"id":5157,"date":"2025-06-09T19:36:29","date_gmt":"2025-06-09T19:36:29","guid":{"rendered":"https:\/\/letempsjadisauction.com\/?post_type=product&#038;p=5157"},"modified":"2025-06-25T14:35:13","modified_gmt":"2025-06-25T14:35:13","slug":"8-anonyme-marine","status":"publish","type":"product","link":"https:\/\/letempsjadisauction.com\/nl\/veiling\/8-anonyme-marine\/","title":{"rendered":"8 Anonyme \u2013 Marine"},"content":{"rendered":"<p>Anonyme, marine, peinture \u00e0 l&rsquo;huile sur toile, 19e si\u00e8cle, 55 x 42 cm, 64 x 52 cm avec cadre. Attribution \u00e0 Louis de Burbure (1837-1911) au crayon sur le cadre. Restaurations.<\/p>","protected":false},"excerpt":{"rendered":"<p>Anonyme \u2013 Marine<\/p>","protected":false},"featured_media":4499,"template":"","meta":{"_acf_changed":false,"inline_featured_image":false},"online_sale":[55],"product_brand":[],"product_cat":[18],"product_tag":[],"class_list":{"0":"post-5157","1":"product","2":"type-product","3":"status-publish","4":"has-post-thumbnail","6":"online_sale-juin-2025","7":"product_cat-non-classe","9":"first","10":"instock","11":"shipping-taxable","12":"purchasable","13":"product-type-auction"},"acf":[],"_links":{"self":[{"href":"https:\/\/letempsjadisauction.com\/nl\/wp-json\/wp\/v2\/product\/5157","targetHints":{"allow":["GET"]}}],"collection":[{"href":"https:\/\/letempsjadisauction.com\/nl\/wp-json\/wp\/v2\/product"}],"about":[{"href":"https:\/\/letempsjadisauction.com\/nl\/wp-json\/wp\/v2\/types\/product"}],"wp:featuredmedia":[{"embeddable":true,"href":"https:\/\/letempsjadisauction.com\/nl\/wp-json\/wp\/v2\/media\/4499"}],"wp:attachment":[{"href":"https:\/\/letempsjadisauction.com\/nl\/wp-json\/wp\/v2\/media?parent=5157"}],"wp:term":[{"taxonomy":"online_sale","embeddable":true,"href":"https:\/\/letempsjadisauction.com\/nl\/wp-json\/wp\/v2\/online_sale?post=5157"},{"taxonomy":"product_brand","embeddable":true,"href":"https:\/\/letempsjadisauction.com\/nl\/wp-json\/wp\/v2\/product_brand?post=5157"},{"taxonomy":"product_cat","embeddable":true,"href":"https:\/\/letempsjadisauction.com\/nl\/wp-json\/wp\/v2\/product_cat?post=5157"},{"taxonomy":"product_tag","embeddable":true,"href":"https:\/\/letempsjadisauction.com\/nl\/wp-json\/wp\/v2\/product_tag?post=5157"}],"curies":[{"name":"wp","href":"https:\/\/api.w.org\/{rel}","templated":true}]}}