{"id":5163,"date":"2025-06-09T19:36:27","date_gmt":"2025-06-09T19:36:27","guid":{"rendered":"https:\/\/letempsjadisauction.com\/?post_type=product&#038;p=5163"},"modified":"2025-06-25T08:26:01","modified_gmt":"2025-06-25T08:26:01","slug":"14-jean-michel-folon-je-vous-ecris-de-coney-island","status":"publish","type":"product","link":"https:\/\/letempsjadisauction.com\/nl\/veiling\/14-jean-michel-folon-je-vous-ecris-de-coney-island\/","title":{"rendered":"14 Jean Michel Folon \u2013 Je vous \u00e9cris de Coney Island"},"content":{"rendered":"<p>Jean Michel Folon (1934-2005), Je vous \u00e9cris de Coney Island, lithographie, 1986, 72 x 63 cm, 100 x 80 cm avec cadre, exemplaire num\u00e9rot\u00e9 142\/200<\/p>","protected":false},"excerpt":{"rendered":"<p>Jean Michel Folon \u2013 Je vous \u00e9cris de Coney Island<\/p>","protected":false},"featured_media":4514,"template":"","meta":{"_acf_changed":false,"inline_featured_image":false},"online_sale":[55],"product_brand":[],"product_cat":[18],"product_tag":[],"class_list":{"0":"post-5163","1":"product","2":"type-product","3":"status-publish","4":"has-post-thumbnail","6":"online_sale-juin-2025","7":"product_cat-non-classe","9":"first","10":"instock","11":"shipping-taxable","12":"purchasable","13":"product-type-auction"},"acf":[],"_links":{"self":[{"href":"https:\/\/letempsjadisauction.com\/nl\/wp-json\/wp\/v2\/product\/5163","targetHints":{"allow":["GET"]}}],"collection":[{"href":"https:\/\/letempsjadisauction.com\/nl\/wp-json\/wp\/v2\/product"}],"about":[{"href":"https:\/\/letempsjadisauction.com\/nl\/wp-json\/wp\/v2\/types\/product"}],"wp:featuredmedia":[{"embeddable":true,"href":"https:\/\/letempsjadisauction.com\/nl\/wp-json\/wp\/v2\/media\/4514"}],"wp:attachment":[{"href":"https:\/\/letempsjadisauction.com\/nl\/wp-json\/wp\/v2\/media?parent=5163"}],"wp:term":[{"taxonomy":"online_sale","embeddable":true,"href":"https:\/\/letempsjadisauction.com\/nl\/wp-json\/wp\/v2\/online_sale?post=5163"},{"taxonomy":"product_brand","embeddable":true,"href":"https:\/\/letempsjadisauction.com\/nl\/wp-json\/wp\/v2\/product_brand?post=5163"},{"taxonomy":"product_cat","embeddable":true,"href":"https:\/\/letempsjadisauction.com\/nl\/wp-json\/wp\/v2\/product_cat?post=5163"},{"taxonomy":"product_tag","embeddable":true,"href":"https:\/\/letempsjadisauction.com\/nl\/wp-json\/wp\/v2\/product_tag?post=5163"}],"curies":[{"name":"wp","href":"https:\/\/api.w.org\/{rel}","templated":true}]}}