{"id":5179,"date":"2025-06-09T19:34:36","date_gmt":"2025-06-09T19:34:36","guid":{"rendered":"https:\/\/letempsjadisauction.com\/?post_type=product&#038;p=5179"},"modified":"2025-06-25T08:58:21","modified_gmt":"2025-06-25T08:58:21","slug":"30-icone-russe-la-trinite-dabraham","status":"publish","type":"product","link":"https:\/\/letempsjadisauction.com\/nl\/veiling\/30-icone-russe-la-trinite-dabraham\/","title":{"rendered":"30 Icone russe \u2013 La Trinit\u00e9 d\u2019Abraham"},"content":{"rendered":"<p>Icone russe, la Trinit\u00e9 d&rsquo;Abraham ou l&rsquo;Hospitalit\u00e9 d&rsquo;Abraham, fin 19e- d\u00e9but 20e si\u00e8cle, 30 x 27 cm, surmont\u00e9e d&rsquo;une riza en m\u00e9tal dor\u00e9 embouti<\/p>","protected":false},"excerpt":{"rendered":"<p>Icone russe \u2013 La Trinit\u00e9 d\u2019Abraham<\/p>","protected":false},"featured_media":4535,"template":"","meta":{"_acf_changed":false,"inline_featured_image":false},"online_sale":[55],"product_brand":[],"product_cat":[18],"product_tag":[],"class_list":{"0":"post-5179","1":"product","2":"type-product","3":"status-publish","4":"has-post-thumbnail","6":"online_sale-juin-2025","7":"product_cat-non-classe","9":"first","10":"instock","11":"shipping-taxable","12":"purchasable","13":"product-type-auction"},"acf":[],"_links":{"self":[{"href":"https:\/\/letempsjadisauction.com\/nl\/wp-json\/wp\/v2\/product\/5179","targetHints":{"allow":["GET"]}}],"collection":[{"href":"https:\/\/letempsjadisauction.com\/nl\/wp-json\/wp\/v2\/product"}],"about":[{"href":"https:\/\/letempsjadisauction.com\/nl\/wp-json\/wp\/v2\/types\/product"}],"wp:featuredmedia":[{"embeddable":true,"href":"https:\/\/letempsjadisauction.com\/nl\/wp-json\/wp\/v2\/media\/4535"}],"wp:attachment":[{"href":"https:\/\/letempsjadisauction.com\/nl\/wp-json\/wp\/v2\/media?parent=5179"}],"wp:term":[{"taxonomy":"online_sale","embeddable":true,"href":"https:\/\/letempsjadisauction.com\/nl\/wp-json\/wp\/v2\/online_sale?post=5179"},{"taxonomy":"product_brand","embeddable":true,"href":"https:\/\/letempsjadisauction.com\/nl\/wp-json\/wp\/v2\/product_brand?post=5179"},{"taxonomy":"product_cat","embeddable":true,"href":"https:\/\/letempsjadisauction.com\/nl\/wp-json\/wp\/v2\/product_cat?post=5179"},{"taxonomy":"product_tag","embeddable":true,"href":"https:\/\/letempsjadisauction.com\/nl\/wp-json\/wp\/v2\/product_tag?post=5179"}],"curies":[{"name":"wp","href":"https:\/\/api.w.org\/{rel}","templated":true}]}}