{"id":5180,"date":"2025-06-09T19:33:58","date_gmt":"2025-06-09T19:33:58","guid":{"rendered":"https:\/\/letempsjadisauction.com\/?post_type=product&#038;p=5180"},"modified":"2025-06-09T19:33:58","modified_gmt":"2025-06-09T19:33:58","slug":"31-icone-russe-ou-des-balkans-le-christ-pantocrator-et-la-vierge-hodegetria","status":"publish","type":"product","link":"https:\/\/letempsjadisauction.com\/nl\/veiling\/31-icone-russe-ou-des-balkans-le-christ-pantocrator-et-la-vierge-hodegetria\/","title":{"rendered":"31 Icone russe ou des Balkans \u2013 Le Christ Pantocrator et la Vierge Hodegetria"},"content":{"rendered":"<p>Icone russe ou des balkans double face, le Christ Pantocrator et la Vierge Hodegetria, tempera sur bois, fin 19e- d\u00e9but 20e si\u00e8cle, 13 x 11 cm, une face avec riza en m\u00e9tal dor\u00e9 embouti <\/p>","protected":false},"excerpt":{"rendered":"<p>Icone russe ou des Balkans \u2013 Le Christ Pantocrator et la Vierge Hodegetria<\/p>","protected":false},"featured_media":4538,"template":"","meta":{"_acf_changed":false,"inline_featured_image":false},"online_sale":[55],"product_brand":[],"product_cat":[18],"product_tag":[],"class_list":{"0":"post-5180","1":"product","2":"type-product","3":"status-publish","4":"has-post-thumbnail","6":"online_sale-juin-2025","7":"product_cat-non-classe","9":"first","10":"instock","11":"shipping-taxable","12":"purchasable","13":"product-type-auction"},"acf":[],"_links":{"self":[{"href":"https:\/\/letempsjadisauction.com\/nl\/wp-json\/wp\/v2\/product\/5180","targetHints":{"allow":["GET"]}}],"collection":[{"href":"https:\/\/letempsjadisauction.com\/nl\/wp-json\/wp\/v2\/product"}],"about":[{"href":"https:\/\/letempsjadisauction.com\/nl\/wp-json\/wp\/v2\/types\/product"}],"wp:featuredmedia":[{"embeddable":true,"href":"https:\/\/letempsjadisauction.com\/nl\/wp-json\/wp\/v2\/media\/4538"}],"wp:attachment":[{"href":"https:\/\/letempsjadisauction.com\/nl\/wp-json\/wp\/v2\/media?parent=5180"}],"wp:term":[{"taxonomy":"online_sale","embeddable":true,"href":"https:\/\/letempsjadisauction.com\/nl\/wp-json\/wp\/v2\/online_sale?post=5180"},{"taxonomy":"product_brand","embeddable":true,"href":"https:\/\/letempsjadisauction.com\/nl\/wp-json\/wp\/v2\/product_brand?post=5180"},{"taxonomy":"product_cat","embeddable":true,"href":"https:\/\/letempsjadisauction.com\/nl\/wp-json\/wp\/v2\/product_cat?post=5180"},{"taxonomy":"product_tag","embeddable":true,"href":"https:\/\/letempsjadisauction.com\/nl\/wp-json\/wp\/v2\/product_tag?post=5180"}],"curies":[{"name":"wp","href":"https:\/\/api.w.org\/{rel}","templated":true}]}}