{"id":5184,"date":"2025-06-09T19:33:58","date_gmt":"2025-06-09T19:33:58","guid":{"rendered":"https:\/\/letempsjadisauction.com\/?post_type=product&#038;p=5184"},"modified":"2025-10-13T14:30:47","modified_gmt":"2025-10-13T14:30:47","slug":"35-france-ou-flandre-vierge-des-douleurs-ou-sainte-penitente","status":"publish","type":"product","link":"https:\/\/letempsjadisauction.com\/nl\/veiling\/35-france-ou-flandre-vierge-des-douleurs-ou-sainte-penitente\/","title":{"rendered":"35 France ou Flandre (?) \u2013 Vierge des Douleurs ou sainte p\u00e9nitente"},"content":{"rendered":"<p>France ou Flandre (?), Statuette de la Vierge des Douleurs ou d&rsquo;une sainte p\u00e9nitente, argent, 17e-18e si\u00e8cle (?), 26 x 9cm, mont\u00e9 sur une boule en bois noirci. <\/p>","protected":false},"excerpt":{"rendered":"<p>France ou Flandre (?) \u2013 Vierge des Douleurs ou sainte p\u00e9nitente<\/p>","protected":false},"featured_media":4547,"template":"","meta":{"_acf_changed":false,"inline_featured_image":false},"online_sale":[55],"product_brand":[],"product_cat":[18],"product_tag":[],"class_list":{"0":"post-5184","1":"product","2":"type-product","3":"status-publish","4":"has-post-thumbnail","6":"online_sale-juin-2025","7":"product_cat-non-classe","9":"first","10":"instock","11":"shipping-taxable","12":"purchasable","13":"product-type-auction"},"acf":[],"_links":{"self":[{"href":"https:\/\/letempsjadisauction.com\/nl\/wp-json\/wp\/v2\/product\/5184","targetHints":{"allow":["GET"]}}],"collection":[{"href":"https:\/\/letempsjadisauction.com\/nl\/wp-json\/wp\/v2\/product"}],"about":[{"href":"https:\/\/letempsjadisauction.com\/nl\/wp-json\/wp\/v2\/types\/product"}],"wp:featuredmedia":[{"embeddable":true,"href":"https:\/\/letempsjadisauction.com\/nl\/wp-json\/wp\/v2\/media\/4547"}],"wp:attachment":[{"href":"https:\/\/letempsjadisauction.com\/nl\/wp-json\/wp\/v2\/media?parent=5184"}],"wp:term":[{"taxonomy":"online_sale","embeddable":true,"href":"https:\/\/letempsjadisauction.com\/nl\/wp-json\/wp\/v2\/online_sale?post=5184"},{"taxonomy":"product_brand","embeddable":true,"href":"https:\/\/letempsjadisauction.com\/nl\/wp-json\/wp\/v2\/product_brand?post=5184"},{"taxonomy":"product_cat","embeddable":true,"href":"https:\/\/letempsjadisauction.com\/nl\/wp-json\/wp\/v2\/product_cat?post=5184"},{"taxonomy":"product_tag","embeddable":true,"href":"https:\/\/letempsjadisauction.com\/nl\/wp-json\/wp\/v2\/product_tag?post=5184"}],"curies":[{"name":"wp","href":"https:\/\/api.w.org\/{rel}","templated":true}]}}