{"id":5185,"date":"2025-06-09T19:33:58","date_gmt":"2025-06-09T19:33:58","guid":{"rendered":"https:\/\/letempsjadisauction.com\/?post_type=product&#038;p=5185"},"modified":"2025-06-25T09:10:12","modified_gmt":"2025-06-25T09:10:12","slug":"36-france-ou-belgique-tryptique-de-devotion-ascension-du-christ","status":"publish","type":"product","link":"https:\/\/letempsjadisauction.com\/nl\/veiling\/36-france-ou-belgique-tryptique-de-devotion-ascension-du-christ\/","title":{"rendered":"36 France ou Belgique \u2013 Tryptique de d\u00e9votion (Ascension du Christ)"},"content":{"rendered":"<p>Tryptique de d\u00e9votion figurant l&rsquo;Ascension du Christ, France ou Belgique, bronze patin\u00e9 et partiellement dor\u00e9, 19e si\u00e8cle, 24 x 10 cm, gravure personnalis\u00e9e au revers : Souvenir de 1re communion L. Jordan A ma ch\u00e8re petite fille Valentine 7 avril 1891<\/p>","protected":false},"excerpt":{"rendered":"<p>France ou Belgique \u2013 Tryptique de d\u00e9votion (Ascension du Christ)<\/p>","protected":false},"featured_media":4553,"template":"","meta":{"_acf_changed":false,"inline_featured_image":false},"online_sale":[55],"product_brand":[],"product_cat":[18],"product_tag":[],"class_list":{"0":"post-5185","1":"product","2":"type-product","3":"status-publish","4":"has-post-thumbnail","6":"online_sale-juin-2025","7":"product_cat-non-classe","9":"first","10":"instock","11":"shipping-taxable","12":"purchasable","13":"product-type-auction"},"acf":[],"_links":{"self":[{"href":"https:\/\/letempsjadisauction.com\/nl\/wp-json\/wp\/v2\/product\/5185","targetHints":{"allow":["GET"]}}],"collection":[{"href":"https:\/\/letempsjadisauction.com\/nl\/wp-json\/wp\/v2\/product"}],"about":[{"href":"https:\/\/letempsjadisauction.com\/nl\/wp-json\/wp\/v2\/types\/product"}],"wp:featuredmedia":[{"embeddable":true,"href":"https:\/\/letempsjadisauction.com\/nl\/wp-json\/wp\/v2\/media\/4553"}],"wp:attachment":[{"href":"https:\/\/letempsjadisauction.com\/nl\/wp-json\/wp\/v2\/media?parent=5185"}],"wp:term":[{"taxonomy":"online_sale","embeddable":true,"href":"https:\/\/letempsjadisauction.com\/nl\/wp-json\/wp\/v2\/online_sale?post=5185"},{"taxonomy":"product_brand","embeddable":true,"href":"https:\/\/letempsjadisauction.com\/nl\/wp-json\/wp\/v2\/product_brand?post=5185"},{"taxonomy":"product_cat","embeddable":true,"href":"https:\/\/letempsjadisauction.com\/nl\/wp-json\/wp\/v2\/product_cat?post=5185"},{"taxonomy":"product_tag","embeddable":true,"href":"https:\/\/letempsjadisauction.com\/nl\/wp-json\/wp\/v2\/product_tag?post=5185"}],"curies":[{"name":"wp","href":"https:\/\/api.w.org\/{rel}","templated":true}]}}