{"id":5187,"date":"2025-06-09T19:34:34","date_gmt":"2025-06-09T19:34:34","guid":{"rendered":"https:\/\/letempsjadisauction.com\/?post_type=product&#038;p=5187"},"modified":"2025-06-25T09:17:17","modified_gmt":"2025-06-25T09:17:17","slug":"38-flandre-vierge-de-limmaculee-conception","status":"publish","type":"product","link":"https:\/\/letempsjadisauction.com\/nl\/veiling\/38-flandre-vierge-de-limmaculee-conception\/","title":{"rendered":"38 Flandre (?) \u2013 Vierge de l\u2019Immacul\u00e9e Conception"},"content":{"rendered":"<p>Flandre (?), Statue de la Vierge de l&rsquo;Immacul\u00e9e Conception, 18e si\u00e8cle (?), bois sculpt\u00e9 polychrome, 86 x 40 cm<\/p>","protected":false},"excerpt":{"rendered":"<p>Flandre (?) \u2013 Vierge de l\u2019Immacul\u00e9e Conception<\/p>","protected":false},"featured_media":4562,"template":"","meta":{"_acf_changed":false,"inline_featured_image":false},"online_sale":[55],"product_brand":[],"product_cat":[18],"product_tag":[],"class_list":{"0":"post-5187","1":"product","2":"type-product","3":"status-publish","4":"has-post-thumbnail","6":"online_sale-juin-2025","7":"product_cat-non-classe","9":"first","10":"instock","11":"shipping-taxable","12":"purchasable","13":"product-type-auction"},"acf":[],"_links":{"self":[{"href":"https:\/\/letempsjadisauction.com\/nl\/wp-json\/wp\/v2\/product\/5187","targetHints":{"allow":["GET"]}}],"collection":[{"href":"https:\/\/letempsjadisauction.com\/nl\/wp-json\/wp\/v2\/product"}],"about":[{"href":"https:\/\/letempsjadisauction.com\/nl\/wp-json\/wp\/v2\/types\/product"}],"wp:featuredmedia":[{"embeddable":true,"href":"https:\/\/letempsjadisauction.com\/nl\/wp-json\/wp\/v2\/media\/4562"}],"wp:attachment":[{"href":"https:\/\/letempsjadisauction.com\/nl\/wp-json\/wp\/v2\/media?parent=5187"}],"wp:term":[{"taxonomy":"online_sale","embeddable":true,"href":"https:\/\/letempsjadisauction.com\/nl\/wp-json\/wp\/v2\/online_sale?post=5187"},{"taxonomy":"product_brand","embeddable":true,"href":"https:\/\/letempsjadisauction.com\/nl\/wp-json\/wp\/v2\/product_brand?post=5187"},{"taxonomy":"product_cat","embeddable":true,"href":"https:\/\/letempsjadisauction.com\/nl\/wp-json\/wp\/v2\/product_cat?post=5187"},{"taxonomy":"product_tag","embeddable":true,"href":"https:\/\/letempsjadisauction.com\/nl\/wp-json\/wp\/v2\/product_tag?post=5187"}],"curies":[{"name":"wp","href":"https:\/\/api.w.org\/{rel}","templated":true}]}}