{"id":5190,"date":"2025-06-09T19:33:56","date_gmt":"2025-06-09T19:33:56","guid":{"rendered":"https:\/\/letempsjadisauction.com\/?post_type=product&#038;p=5190"},"modified":"2025-06-25T09:20:03","modified_gmt":"2025-06-25T09:20:03","slug":"41-anonyme-broderie-religieuse-sainte-therese","status":"publish","type":"product","link":"https:\/\/letempsjadisauction.com\/nl\/veiling\/41-anonyme-broderie-religieuse-sainte-therese\/","title":{"rendered":"41 Anonyme \u2013 Broderie religieuse, Sainte Rose de Lima\u2026"},"content":{"rendered":"<p>Broderie religieuse ovale, Sainte Rose de Lima et l\u2019Enfant J\u00e9sus, brod\u00e9e \u00e0 la main en soies polychromes, 43 x 40 cm. Inscription brod\u00e9e faisant r\u00e9f\u00e9rence \u00e0 la ville de Lima.<\/p>","protected":false},"excerpt":{"rendered":"<p>Anonyme \u2013 Broderie religieuse, Sainte Rose de Lima\u2026<\/p>","protected":false},"featured_media":4579,"template":"","meta":{"_acf_changed":false,"inline_featured_image":false},"online_sale":[55],"product_brand":[],"product_cat":[18],"product_tag":[],"class_list":{"0":"post-5190","1":"product","2":"type-product","3":"status-publish","4":"has-post-thumbnail","6":"online_sale-juin-2025","7":"product_cat-non-classe","9":"first","10":"instock","11":"shipping-taxable","12":"purchasable","13":"product-type-auction"},"acf":[],"_links":{"self":[{"href":"https:\/\/letempsjadisauction.com\/nl\/wp-json\/wp\/v2\/product\/5190","targetHints":{"allow":["GET"]}}],"collection":[{"href":"https:\/\/letempsjadisauction.com\/nl\/wp-json\/wp\/v2\/product"}],"about":[{"href":"https:\/\/letempsjadisauction.com\/nl\/wp-json\/wp\/v2\/types\/product"}],"wp:featuredmedia":[{"embeddable":true,"href":"https:\/\/letempsjadisauction.com\/nl\/wp-json\/wp\/v2\/media\/4579"}],"wp:attachment":[{"href":"https:\/\/letempsjadisauction.com\/nl\/wp-json\/wp\/v2\/media?parent=5190"}],"wp:term":[{"taxonomy":"online_sale","embeddable":true,"href":"https:\/\/letempsjadisauction.com\/nl\/wp-json\/wp\/v2\/online_sale?post=5190"},{"taxonomy":"product_brand","embeddable":true,"href":"https:\/\/letempsjadisauction.com\/nl\/wp-json\/wp\/v2\/product_brand?post=5190"},{"taxonomy":"product_cat","embeddable":true,"href":"https:\/\/letempsjadisauction.com\/nl\/wp-json\/wp\/v2\/product_cat?post=5190"},{"taxonomy":"product_tag","embeddable":true,"href":"https:\/\/letempsjadisauction.com\/nl\/wp-json\/wp\/v2\/product_tag?post=5190"}],"curies":[{"name":"wp","href":"https:\/\/api.w.org\/{rel}","templated":true}]}}