{"id":5191,"date":"2025-06-09T19:33:55","date_gmt":"2025-06-09T19:33:55","guid":{"rendered":"https:\/\/letempsjadisauction.com\/?post_type=product&#038;p=5191"},"modified":"2025-06-25T09:22:03","modified_gmt":"2025-06-25T09:22:03","slug":"42-jules-constant-destreez-alleluia-damour","status":"publish","type":"product","link":"https:\/\/letempsjadisauction.com\/nl\/veiling\/42-jules-constant-destreez-alleluia-damour\/","title":{"rendered":"42 Jules Constant Destreez \u2013 Alleluia d&rsquo;amour"},"content":{"rendered":"<p>Jules Constant Destreez (1831-), Alleluia d&rsquo;amour, bronze \u00e0 patine m\u00e9daille, 19e si\u00e8cle, 82 x 22 cm, cachet fonderie Paris Siot-Decauville<\/p>","protected":false},"excerpt":{"rendered":"<p>Jules Constant Destreez \u2013 Alleluia d&rsquo;amour<\/p>","protected":false},"featured_media":4580,"template":"","meta":{"_acf_changed":false,"inline_featured_image":false},"online_sale":[55],"product_brand":[],"product_cat":[18],"product_tag":[],"class_list":{"0":"post-5191","1":"product","2":"type-product","3":"status-publish","4":"has-post-thumbnail","6":"online_sale-juin-2025","7":"product_cat-non-classe","9":"first","10":"instock","11":"shipping-taxable","12":"purchasable","13":"product-type-auction"},"acf":[],"_links":{"self":[{"href":"https:\/\/letempsjadisauction.com\/nl\/wp-json\/wp\/v2\/product\/5191","targetHints":{"allow":["GET"]}}],"collection":[{"href":"https:\/\/letempsjadisauction.com\/nl\/wp-json\/wp\/v2\/product"}],"about":[{"href":"https:\/\/letempsjadisauction.com\/nl\/wp-json\/wp\/v2\/types\/product"}],"wp:featuredmedia":[{"embeddable":true,"href":"https:\/\/letempsjadisauction.com\/nl\/wp-json\/wp\/v2\/media\/4580"}],"wp:attachment":[{"href":"https:\/\/letempsjadisauction.com\/nl\/wp-json\/wp\/v2\/media?parent=5191"}],"wp:term":[{"taxonomy":"online_sale","embeddable":true,"href":"https:\/\/letempsjadisauction.com\/nl\/wp-json\/wp\/v2\/online_sale?post=5191"},{"taxonomy":"product_brand","embeddable":true,"href":"https:\/\/letempsjadisauction.com\/nl\/wp-json\/wp\/v2\/product_brand?post=5191"},{"taxonomy":"product_cat","embeddable":true,"href":"https:\/\/letempsjadisauction.com\/nl\/wp-json\/wp\/v2\/product_cat?post=5191"},{"taxonomy":"product_tag","embeddable":true,"href":"https:\/\/letempsjadisauction.com\/nl\/wp-json\/wp\/v2\/product_tag?post=5191"}],"curies":[{"name":"wp","href":"https:\/\/api.w.org\/{rel}","templated":true}]}}