{"id":5193,"date":"2025-06-09T19:33:55","date_gmt":"2025-06-09T19:33:55","guid":{"rendered":"https:\/\/letempsjadisauction.com\/?post_type=product&#038;p=5193"},"modified":"2025-06-09T19:33:55","modified_gmt":"2025-06-09T19:33:55","slug":"44-republique-democratique-du-congo-paire-de-statues-dancetres","status":"publish","type":"product","link":"https:\/\/letempsjadisauction.com\/nl\/veiling\/44-republique-democratique-du-congo-paire-de-statues-dancetres\/","title":{"rendered":"44 R\u00e9publique D\u00e9mocratique du Congo \u2013 Paire de statues d\u2019anc\u00eatres"},"content":{"rendered":"<p>R\u00e9publique D\u00e9mocratique du Congo, Paire de statue d&rsquo;ancetres, bois sculpt\u00e9, patine brune, perles de verre, fibres v\u00e9g\u00e9tales, 104 cm et 100 cm. <\/p>","protected":false},"excerpt":{"rendered":"<p>R\u00e9publique D\u00e9mocratique du Congo \u2013 Paire de statues d\u2019anc\u00eatres<\/p>","protected":false},"featured_media":4593,"template":"","meta":{"_acf_changed":false,"inline_featured_image":false},"online_sale":[55],"product_brand":[],"product_cat":[18],"product_tag":[],"class_list":{"0":"post-5193","1":"product","2":"type-product","3":"status-publish","4":"has-post-thumbnail","6":"online_sale-juin-2025","7":"product_cat-non-classe","9":"first","10":"instock","11":"shipping-taxable","12":"purchasable","13":"product-type-auction"},"acf":[],"_links":{"self":[{"href":"https:\/\/letempsjadisauction.com\/nl\/wp-json\/wp\/v2\/product\/5193","targetHints":{"allow":["GET"]}}],"collection":[{"href":"https:\/\/letempsjadisauction.com\/nl\/wp-json\/wp\/v2\/product"}],"about":[{"href":"https:\/\/letempsjadisauction.com\/nl\/wp-json\/wp\/v2\/types\/product"}],"wp:featuredmedia":[{"embeddable":true,"href":"https:\/\/letempsjadisauction.com\/nl\/wp-json\/wp\/v2\/media\/4593"}],"wp:attachment":[{"href":"https:\/\/letempsjadisauction.com\/nl\/wp-json\/wp\/v2\/media?parent=5193"}],"wp:term":[{"taxonomy":"online_sale","embeddable":true,"href":"https:\/\/letempsjadisauction.com\/nl\/wp-json\/wp\/v2\/online_sale?post=5193"},{"taxonomy":"product_brand","embeddable":true,"href":"https:\/\/letempsjadisauction.com\/nl\/wp-json\/wp\/v2\/product_brand?post=5193"},{"taxonomy":"product_cat","embeddable":true,"href":"https:\/\/letempsjadisauction.com\/nl\/wp-json\/wp\/v2\/product_cat?post=5193"},{"taxonomy":"product_tag","embeddable":true,"href":"https:\/\/letempsjadisauction.com\/nl\/wp-json\/wp\/v2\/product_tag?post=5193"}],"curies":[{"name":"wp","href":"https:\/\/api.w.org\/{rel}","templated":true}]}}