{"id":5194,"date":"2025-06-09T19:33:56","date_gmt":"2025-06-09T19:33:56","guid":{"rendered":"https:\/\/letempsjadisauction.com\/?post_type=product&#038;p=5194"},"modified":"2025-06-24T16:19:32","modified_gmt":"2025-06-24T16:19:32","slug":"45-bernard-bloch-jeune-patre-assis-avec-son-chien","status":"publish","type":"product","link":"https:\/\/letempsjadisauction.com\/nl\/veiling\/45-bernard-bloch-jeune-patre-assis-avec-son-chien\/","title":{"rendered":"45 Bernard Bloch \u2013 Jeune p\u00e2tre assis avec son chien"},"content":{"rendered":"<p>Bernard Bloch (1836-1909), jeune p\u00e2tre assis avec son chien (boite \u00e0 couvercle), 19e si\u00e8cle, faience polychrome, 26 cm de haut.<\/p>","protected":false},"excerpt":{"rendered":"<p>Bernard Bloch \u2013 Jeune p\u00e2tre assis avec son chien<\/p>","protected":false},"featured_media":4597,"template":"","meta":{"_acf_changed":false,"inline_featured_image":false},"online_sale":[55],"product_brand":[],"product_cat":[18],"product_tag":[],"class_list":{"0":"post-5194","1":"product","2":"type-product","3":"status-publish","4":"has-post-thumbnail","6":"online_sale-juin-2025","7":"product_cat-non-classe","9":"first","10":"instock","11":"shipping-taxable","12":"purchasable","13":"product-type-auction"},"acf":[],"_links":{"self":[{"href":"https:\/\/letempsjadisauction.com\/nl\/wp-json\/wp\/v2\/product\/5194","targetHints":{"allow":["GET"]}}],"collection":[{"href":"https:\/\/letempsjadisauction.com\/nl\/wp-json\/wp\/v2\/product"}],"about":[{"href":"https:\/\/letempsjadisauction.com\/nl\/wp-json\/wp\/v2\/types\/product"}],"wp:featuredmedia":[{"embeddable":true,"href":"https:\/\/letempsjadisauction.com\/nl\/wp-json\/wp\/v2\/media\/4597"}],"wp:attachment":[{"href":"https:\/\/letempsjadisauction.com\/nl\/wp-json\/wp\/v2\/media?parent=5194"}],"wp:term":[{"taxonomy":"online_sale","embeddable":true,"href":"https:\/\/letempsjadisauction.com\/nl\/wp-json\/wp\/v2\/online_sale?post=5194"},{"taxonomy":"product_brand","embeddable":true,"href":"https:\/\/letempsjadisauction.com\/nl\/wp-json\/wp\/v2\/product_brand?post=5194"},{"taxonomy":"product_cat","embeddable":true,"href":"https:\/\/letempsjadisauction.com\/nl\/wp-json\/wp\/v2\/product_cat?post=5194"},{"taxonomy":"product_tag","embeddable":true,"href":"https:\/\/letempsjadisauction.com\/nl\/wp-json\/wp\/v2\/product_tag?post=5194"}],"curies":[{"name":"wp","href":"https:\/\/api.w.org\/{rel}","templated":true}]}}