{"id":5205,"date":"2025-06-09T19:33:09","date_gmt":"2025-06-09T19:33:09","guid":{"rendered":"https:\/\/letempsjadisauction.com\/?post_type=product&#038;p=5205"},"modified":"2025-06-11T15:52:42","modified_gmt":"2025-06-11T15:52:42","slug":"56-anonyme-paire-de-serre-livres-bombes-detournees","status":"publish","type":"product","link":"https:\/\/letempsjadisauction.com\/nl\/veiling\/56-anonyme-paire-de-serre-livres-bombes-detournees\/","title":{"rendered":"56 Anonyme \u2013 Paire de serre-livres (bombes d\u00e9tourn\u00e9es)"},"content":{"rendered":"<p>Paire de serre-livres, compos\u00e9s de socles en bois verni supportant deux v\u00e9ritables corps de petites bombes d\u2019exercice (inertes), d\u00e9tourn\u00e9s de leur usage militaire.design brutaliste. 23 cm de haut.<\/p>","protected":false},"excerpt":{"rendered":"<p>Anonyme \u2013 Paire de serre-livres (bombes d\u00e9tourn\u00e9es)<\/p>","protected":false},"featured_media":4645,"template":"","meta":{"_acf_changed":false,"inline_featured_image":false},"online_sale":[55],"product_brand":[],"product_cat":[18],"product_tag":[],"class_list":{"0":"post-5205","1":"product","2":"type-product","3":"status-publish","4":"has-post-thumbnail","6":"online_sale-juin-2025","7":"product_cat-non-classe","9":"first","10":"instock","11":"shipping-taxable","12":"purchasable","13":"product-type-auction"},"acf":[],"_links":{"self":[{"href":"https:\/\/letempsjadisauction.com\/nl\/wp-json\/wp\/v2\/product\/5205","targetHints":{"allow":["GET"]}}],"collection":[{"href":"https:\/\/letempsjadisauction.com\/nl\/wp-json\/wp\/v2\/product"}],"about":[{"href":"https:\/\/letempsjadisauction.com\/nl\/wp-json\/wp\/v2\/types\/product"}],"wp:featuredmedia":[{"embeddable":true,"href":"https:\/\/letempsjadisauction.com\/nl\/wp-json\/wp\/v2\/media\/4645"}],"wp:attachment":[{"href":"https:\/\/letempsjadisauction.com\/nl\/wp-json\/wp\/v2\/media?parent=5205"}],"wp:term":[{"taxonomy":"online_sale","embeddable":true,"href":"https:\/\/letempsjadisauction.com\/nl\/wp-json\/wp\/v2\/online_sale?post=5205"},{"taxonomy":"product_brand","embeddable":true,"href":"https:\/\/letempsjadisauction.com\/nl\/wp-json\/wp\/v2\/product_brand?post=5205"},{"taxonomy":"product_cat","embeddable":true,"href":"https:\/\/letempsjadisauction.com\/nl\/wp-json\/wp\/v2\/product_cat?post=5205"},{"taxonomy":"product_tag","embeddable":true,"href":"https:\/\/letempsjadisauction.com\/nl\/wp-json\/wp\/v2\/product_tag?post=5205"}],"curies":[{"name":"wp","href":"https:\/\/api.w.org\/{rel}","templated":true}]}}