{"id":5211,"date":"2025-06-09T19:33:08","date_gmt":"2025-06-09T19:33:08","guid":{"rendered":"https:\/\/letempsjadisauction.com\/?post_type=product&#038;p=5211"},"modified":"2025-06-25T10:02:05","modified_gmt":"2025-06-25T10:02:05","slug":"62-val-saint-lambert-ensemble-de-verres","status":"publish","type":"product","link":"https:\/\/letempsjadisauction.com\/nl\/veiling\/62-val-saint-lambert-ensemble-de-verres\/","title":{"rendered":"62 Val Saint Lambert \u2013 Ensemble de verres"},"content":{"rendered":"<p>Val Saint Lambert, Ensemble de verres en cristal taill\u00e9 comprenant coupes \u00e0 champagne, verres \u00e0 vin et \u00e0 liqueur. D\u00e9cors grav\u00e9s \u00e0 motifs de pointes de diamant et d\u2019\u00e9toiles rayonnantes, 16,5 cm (x17, 3 \u00e9clats), 15,5 cm (x18, 1 \u00e9clat), 12,5 cm (12), 115 cm<\/p>","protected":false},"excerpt":{"rendered":"<p>Val Saint Lambert \u2013 Ensemble de verres<\/p>","protected":false},"featured_media":4673,"template":"","meta":{"_acf_changed":false,"inline_featured_image":false},"online_sale":[55],"product_brand":[],"product_cat":[18],"product_tag":[],"class_list":{"0":"post-5211","1":"product","2":"type-product","3":"status-publish","4":"has-post-thumbnail","6":"online_sale-juin-2025","7":"product_cat-non-classe","9":"first","10":"instock","11":"shipping-taxable","12":"purchasable","13":"product-type-auction"},"acf":[],"_links":{"self":[{"href":"https:\/\/letempsjadisauction.com\/nl\/wp-json\/wp\/v2\/product\/5211","targetHints":{"allow":["GET"]}}],"collection":[{"href":"https:\/\/letempsjadisauction.com\/nl\/wp-json\/wp\/v2\/product"}],"about":[{"href":"https:\/\/letempsjadisauction.com\/nl\/wp-json\/wp\/v2\/types\/product"}],"wp:featuredmedia":[{"embeddable":true,"href":"https:\/\/letempsjadisauction.com\/nl\/wp-json\/wp\/v2\/media\/4673"}],"wp:attachment":[{"href":"https:\/\/letempsjadisauction.com\/nl\/wp-json\/wp\/v2\/media?parent=5211"}],"wp:term":[{"taxonomy":"online_sale","embeddable":true,"href":"https:\/\/letempsjadisauction.com\/nl\/wp-json\/wp\/v2\/online_sale?post=5211"},{"taxonomy":"product_brand","embeddable":true,"href":"https:\/\/letempsjadisauction.com\/nl\/wp-json\/wp\/v2\/product_brand?post=5211"},{"taxonomy":"product_cat","embeddable":true,"href":"https:\/\/letempsjadisauction.com\/nl\/wp-json\/wp\/v2\/product_cat?post=5211"},{"taxonomy":"product_tag","embeddable":true,"href":"https:\/\/letempsjadisauction.com\/nl\/wp-json\/wp\/v2\/product_tag?post=5211"}],"curies":[{"name":"wp","href":"https:\/\/api.w.org\/{rel}","templated":true}]}}